{"id":1400,"date":"2020-03-26T12:57:16","date_gmt":"2020-03-26T10:57:16","guid":{"rendered":"https:\/\/strongflow.fi\/uima-allasveden-kasittely-risteilyaluksilla"},"modified":"2021-01-18T10:56:34","modified_gmt":"2021-01-18T08:56:34","slug":"behandling-av-bassangvatten-ombord-pa-kryssningsfartyg","status":"publish","type":"page","link":"https:\/\/strongflow.fi\/sv\/behandling-av-bassangvatten-ombord-pa-kryssningsfartyg","title":{"rendered":"Behandling av bass\u00e4ngvatten ombord p\u00e5 kryssningsfartyg"},"content":{"rendered":"[vc_row type=&#8221;full_width_background&#8221; full_screen_row_position=&#8221;middle&#8221; column_margin=&#8221;default&#8221; column_direction=&#8221;default&#8221; column_direction_tablet=&#8221;default&#8221; column_direction_phone=&#8221;default&#8221; bg_image=&#8221;203&#8243; bg_position=&#8221;center center&#8221; bg_repeat=&#8221;no-repeat&#8221; scene_position=&#8221;center&#8221; top_padding=&#8221;10%&#8221; bottom_padding=&#8221;10%&#8221; text_color=&#8221;dark&#8221; text_align=&#8221;left&#8221; row_border_radius=&#8221;none&#8221; row_border_radius_applies=&#8221;bg&#8221; enable_gradient=&#8221;true&#8221; color_overlay=&#8221;#000000&#8243; overlay_strength=&#8221;0.8&#8243; gradient_direction=&#8221;left_to_right&#8221; shape_divider_position=&#8221;bottom&#8221; bg_image_animation=&#8221;none&#8221; shape_type=&#8221;&#8221;][vc_column column_padding=&#8221;no-extra-padding&#8221; column_padding_tablet=&#8221;inherit&#8221; column_padding_phone=&#8221;inherit&#8221; column_padding_position=&#8221;all&#8221; background_color_opacity=&#8221;1&#8243; background_hover_color_opacity=&#8221;1&#8243; column_shadow=&#8221;none&#8221; column_border_radius=&#8221;none&#8221; column_link_target=&#8221;_self&#8221; gradient_direction=&#8221;left_to_right&#8221; overlay_strength=&#8221;0.3&#8243; width=&#8221;1\/1&#8243; tablet_width_inherit=&#8221;default&#8221; tablet_text_alignment=&#8221;default&#8221; phone_text_alignment=&#8221;default&#8221; column_border_width=&#8221;none&#8221; column_border_style=&#8221;solid&#8221; bg_image_animation=&#8221;none&#8221;][vc_custom_heading text=&#8221;Behandling av bass\u00e4ngvatten ombord p\u00e5 kryssningsfartyg&#8221; font_container=&#8221;tag:h1|text_align:left|color:%23ffffff&#8221; use_theme_fonts=&#8221;yes&#8221;][\/vc_column][\/vc_row][vc_row type=&#8221;full_width_content&#8221; full_screen_row_position=&#8221;middle&#8221; column_margin=&#8221;default&#8221; equal_height=&#8221;yes&#8221; content_placement=&#8221;top&#8221; column_direction=&#8221;default&#8221; column_direction_tablet=&#8221;default&#8221; column_direction_phone=&#8221;default&#8221; scene_position=&#8221;center&#8221; bottom_padding=&#8221;0&#8243; text_color=&#8221;dark&#8221; text_align=&#8221;left&#8221; row_border_radius=&#8221;none&#8221; row_border_radius_applies=&#8221;bg&#8221; overlay_strength=&#8221;0.3&#8243; gradient_direction=&#8221;left_to_right&#8221; shape_divider_position=&#8221;bottom&#8221; bg_image_animation=&#8221;none&#8221; shape_type=&#8221;&#8221;][vc_column column_padding=&#8221;padding-10-percent&#8221; column_padding_tablet=&#8221;inherit&#8221; column_padding_phone=&#8221;inherit&#8221; column_padding_position=&#8221;top-bottom&#8221; background_color_opacity=&#8221;1&#8243; background_hover_color_opacity=&#8221;1&#8243; column_shadow=&#8221;none&#8221; column_border_radius=&#8221;none&#8221; column_link_target=&#8221;_self&#8221; gradient_direction=&#8221;left_to_right&#8221; overlay_strength=&#8221;0.3&#8243; width=&#8221;2\/3&#8243; tablet_width_inherit=&#8221;default&#8221; tablet_text_alignment=&#8221;default&#8221; phone_text_alignment=&#8221;default&#8221; column_border_width=&#8221;none&#8221; column_border_style=&#8221;solid&#8221; bg_image_animation=&#8221;none&#8221;][vc_row_inner column_margin=&#8221;default&#8221; column_direction=&#8221;default&#8221; column_direction_tablet=&#8221;default&#8221; column_direction_phone=&#8221;default&#8221; text_align=&#8221;left&#8221;][vc_column_inner column_padding=&#8221;padding-17-percent&#8221; column_padding_tablet=&#8221;inherit&#8221; column_padding_phone=&#8221;inherit&#8221; column_padding_position=&#8221;left-right&#8221; background_color_opacity=&#8221;1&#8243; background_hover_color_opacity=&#8221;1&#8243; column_shadow=&#8221;none&#8221; column_border_radius=&#8221;none&#8221; column_link_target=&#8221;_self&#8221; gradient_direction=&#8221;left_to_right&#8221; overlay_strength=&#8221;0.3&#8243; width=&#8221;1\/1&#8243; tablet_width_inherit=&#8221;default&#8221; column_border_width=&#8221;none&#8221; column_border_style=&#8221;solid&#8221; bg_image_animation=&#8221;none&#8221;][vc_column_text]Behandling av bass\u00e4ngvatten s\u00e4kerst\u00e4ller badvattnets renhet genom att avl\u00e4gsna orenheter med hj\u00e4lp av patron- eller sandfilter, och genom att tills\u00e4tta kemikalier som f\u00f6rebygger mikrobiologiska ol\u00e4genheter. Ut\u00f6ver filtreringsfunktion inneh\u00e5ller vattenbehandlingssystemet vanligtvis ett uppv\u00e4rmningssystem. Behandlingens fr\u00e4msta syfte \u00e4r att s\u00e4kerst\u00e4lla att vattnet \u00e4r hygieniskt, men den har \u00e4ven en betydande estetisk betydelse eftersom den h\u00e5ller vattnet klart. Dimensionering av utrustning enligt kraven (till exempel USPH, Vessel Sanitation Program) \u00e4r viktigt vid behandling av bass\u00e4ngvatten ombord p\u00e5 kryssningsfartyg, liksom s\u00e4rskilda krav som g\u00e4ller fartygsmilj\u00f6.<\/p>\n<p><strong>System<\/strong><\/p>\n<p>Anl\u00e4ggningar f\u00f6r behandling av bass\u00e4ngvatten best\u00e5r vanligen av cirkulationspumpar, filter, v\u00e4rmev\u00e4xlare, givare och ventiler samt kemikaliedosering (klordosering och pH-reglering) samt vid behov UV-utrustning. Ut\u00f6ver vattenbehandlingsutrustningen beh\u00f6vs i allm\u00e4nhet kompensationstankar f\u00f6r att j\u00e4mna ut m\u00e4ngden vatten i bass\u00e4ngen. S\u00e4rskilt ombord p\u00e5 fartyg, d\u00e4r det tillg\u00e4ngliga utrymmet vanligen \u00e4r mycket begr\u00e4nsat, m\u00e5ste all anl\u00e4ggning planeras i form av maskinenheter som \u00e4r s\u00e5 kompakta som m\u00f6jligt, och \u00e4nd\u00e5 s\u00e4kerst\u00e4ller systemets anv\u00e4ndbarhet. Genom att anv\u00e4nda frekvensomriktare kan du uppn\u00e5 avsev\u00e4rda besparingar avseende utrustningens energif\u00f6rbrukning. Omriktaren g\u00f6r det ocks\u00e5 m\u00f6jligt att reglera bass\u00e4ngvattnets cirkulationshastighet och se till att den uppfyller kraven under alla f\u00f6rh\u00e5llanden.<br \/>\nVad g\u00e4ller styrsystemet \u00e4r det viktigt att anl\u00e4ggningen \u00e4r enkelt att anv\u00e4nda, har ett entydigt och informativt anv\u00e4ndargr\u00e4nssnitt samt automatiska funktioner som s\u00e4kerst\u00e4ller felfri och effektiv drift. Bass\u00e4ngvattenssystemens styrnings- och \u00f6vervakningssystem kan dessutom integreras med fartygets \u00f6vriga automations- och styrsystem.[\/vc_column_text][\/vc_column_inner][\/vc_row_inner][vc_gallery type=&#8221;flickity_style&#8221; images=&#8221;589,590,591,592&#8243; flickity_spacing=&#8221;default&#8221; flickity_controls=&#8221;pagination&#8221; flickity_overflow=&#8221;hidden&#8221; flickity_wrap_around=&#8221;wrap&#8221; flickity_desktop_columns=&#8221;1&#8243; flickity_small_desktop_columns=&#8221;1&#8243; flickity_tablet_columns=&#8221;1&#8243; flickity_autoplay=&#8221;true&#8221; flickity_box_shadow=&#8221;none&#8221; image_loading=&#8221;default&#8221; onclick=&#8221;link_image&#8221; img_size=&#8221;1200&#215;800&#8243; flickity_autoplay_dur=&#8221;6000&#8243;][\/vc_column][vc_column column_padding=&#8221;padding-10-percent&#8221; column_padding_tablet=&#8221;inherit&#8221; column_padding_phone=&#8221;inherit&#8221; column_padding_position=&#8221;top-bottom&#8221; background_color=&#8221;#f7f7f7&#8243; background_color_opacity=&#8221;1&#8243; background_hover_color_opacity=&#8221;1&#8243; column_shadow=&#8221;none&#8221; column_border_radius=&#8221;none&#8221; column_link_target=&#8221;_self&#8221; gradient_direction=&#8221;left_to_right&#8221; overlay_strength=&#8221;0.3&#8243; width=&#8221;1\/3&#8243; tablet_width_inherit=&#8221;default&#8221; tablet_text_alignment=&#8221;default&#8221; phone_text_alignment=&#8221;default&#8221; column_border_width=&#8221;none&#8221; column_border_style=&#8221;solid&#8221; bg_image_animation=&#8221;none&#8221;][vc_row_inner column_margin=&#8221;default&#8221; column_direction=&#8221;default&#8221; column_direction_tablet=&#8221;default&#8221; column_direction_phone=&#8221;default&#8221; text_align=&#8221;left&#8221;][vc_column_inner column_padding=&#8221;padding-10-percent&#8221; column_padding_tablet=&#8221;inherit&#8221; column_padding_phone=&#8221;inherit&#8221; column_padding_position=&#8221;left-right&#8221; background_color_opacity=&#8221;1&#8243; background_hover_color_opacity=&#8221;1&#8243; column_shadow=&#8221;none&#8221; column_border_radius=&#8221;none&#8221; column_link_target=&#8221;_self&#8221; gradient_direction=&#8221;left_to_right&#8221; overlay_strength=&#8221;0.3&#8243; width=&#8221;1\/1&#8243; tablet_width_inherit=&#8221;default&#8221; column_border_width=&#8221;none&#8221; column_border_style=&#8221;solid&#8221; bg_image_animation=&#8221;none&#8221;][vc_custom_heading text=&#8221;Relaterad teknik&#8221; font_container=&#8221;tag:h4|text_align:left|color:%23000000&#8243; use_theme_fonts=&#8221;yes&#8221;][nectar_btn size=&#8221;large&#8221; button_style=&#8221;see-through&#8221; button_color_2=&#8221;Extra-Color-1&#8243; icon_family=&#8221;default_arrow&#8221; el_class=&#8221;fullbutton&#8221; url=&#8221;\/sv\/multimedia-och-patronfiltrering&#8221; text=&#8221;Multimedia- och patronfiltrering&#8221; margin_top=&#8221;30&#8243; margin_right=&#8221;15&#8243; margin_bottom=&#8221;10&#8243;][nectar_btn size=&#8221;large&#8221; button_style=&#8221;see-through&#8221; button_color_2=&#8221;Extra-Color-1&#8243; icon_family=&#8221;default_arrow&#8221; el_class=&#8221;fullbutton&#8221; url=&#8221;\/sv\/uv-desinfektion&#8221; text=&#8221;UV-desinfektion&#8221; margin_top=&#8221;10&#8243; margin_right=&#8221;15&#8243; margin_bottom=&#8221;10&#8243;][nectar_btn size=&#8221;large&#8221; button_style=&#8221;see-through&#8221; button_color_2=&#8221;Extra-Color-1&#8243; icon_family=&#8221;default_arrow&#8221; el_class=&#8221;fullbutton&#8221; url=&#8221;\/sv\/kemikaliedosering&#8221; text=&#8221;Kemikaliedosering&#8221; margin_top=&#8221;10&#8243; margin_right=&#8221;15&#8243; margin_bottom=&#8221;10&#8243;][nectar_btn size=&#8221;large&#8221; button_style=&#8221;see-through&#8221; button_color_2=&#8221;Accent-Color&#8221; icon_family=&#8221;default_arrow&#8221; el_class=&#8221;fullbutton&#8221; url=&#8221;\/sv\/automations-och-styrsystem&#8221; text=&#8221;Automations- och styrsystem&#8221; margin_top=&#8221;10&#8243; margin_right=&#8221;15&#8243; margin_bottom=&#8221;10&#8243;][nectar_btn size=&#8221;large&#8221; button_style=&#8221;see-through&#8221; button_color_2=&#8221;Accent-Color&#8221; icon_family=&#8221;default_arrow&#8221; el_class=&#8221;fullbutton&#8221; url=&#8221;\/sv\/frekvensomriktarsystem&#8221; text=&#8221;Frekvensomriktarsystem&#8221; margin_top=&#8221;10&#8243; margin_right=&#8221;15&#8243; margin_bottom=&#8221;10&#8243;][\/vc_column_inner][\/vc_row_inner][\/vc_column][\/vc_row]\n","protected":false},"excerpt":{"rendered":"<p>[vc_row type=&#8221;full_width_background&#8221; full_screen_row_position=&#8221;middle&#8221; column_margin=&#8221;default&#8221; column_direction=&#8221;default&#8221; column_direction_tablet=&#8221;default&#8221; column_direction_phone=&#8221;default&#8221; bg_image=&#8221;203&#8243; bg_position=&#8221;center center&#8221; bg_repeat=&#8221;no-repeat&#8221; scene_position=&#8221;center&#8221; top_padding=&#8221;10%&#8221; bottom_padding=&#8221;10%&#8221; text_color=&#8221;dark&#8221; text_align=&#8221;left&#8221; row_border_radius=&#8221;none&#8221; row_border_radius_applies=&#8221;bg&#8221; enable_gradient=&#8221;true&#8221; color_overlay=&#8221;#000000&#8243; overlay_strength=&#8221;0.8&#8243; gradient_direction=&#8221;left_to_right&#8221; shape_divider_position=&#8221;bottom&#8221; bg_image_animation=&#8221;none&#8221; shape_type=&#8221;&#8221;][vc_column column_padding=&#8221;no-extra-padding&#8221; column_padding_tablet=&#8221;inherit&#8221; column_padding_phone=&#8221;inherit&#8221; column_padding_position=&#8221;all&#8221; background_color_opacity=&#8221;1&#8243;&#8230;<\/p>\n","protected":false},"author":1,"featured_media":0,"parent":0,"menu_order":0,"comment_status":"closed","ping_status":"closed","template":"","meta":{"footnotes":""},"class_list":["post-1400","page","type-page","status-publish"],"yoast_head":"<!-- This site is optimized with the Yoast SEO plugin v27.3 - https:\/\/yoast.com\/product\/yoast-seo-wordpress\/ -->\n<title>Behandling av bass\u00e4ngvatten ombord p\u00e5 kryssningsfartyg - StrongFlow<\/title>\n<meta name=\"description\" content=\"Inromation om behandling av bass\u00e4ngvatten ombord p\u00e5 kryssningsfartyg, functioner och utrustning.\" \/>\n<meta name=\"robots\" content=\"index, follow, max-snippet:-1, max-image-preview:large, max-video-preview:-1\" \/>\n<link rel=\"canonical\" href=\"https:\/\/strongflow.fi\/sv\/behandling-av-bassangvatten-ombord-pa-kryssningsfartyg\" \/>\n<meta property=\"og:locale\" content=\"sv_SE\" \/>\n<meta property=\"og:type\" content=\"article\" \/>\n<meta property=\"og:title\" content=\"Behandling av bass\u00e4ngvatten ombord p\u00e5 kryssningsfartyg - StrongFlow\" \/>\n<meta property=\"og:description\" content=\"Inromation om behandling av bass\u00e4ngvatten ombord p\u00e5 kryssningsfartyg, functioner och utrustning.\" \/>\n<meta property=\"og:url\" content=\"https:\/\/strongflow.fi\/sv\/behandling-av-bassangvatten-ombord-pa-kryssningsfartyg\" \/>\n<meta property=\"og:site_name\" content=\"StrongFlow\" \/>\n<meta property=\"article:modified_time\" content=\"2021-01-18T08:56:34+00:00\" \/>\n<meta name=\"twitter:card\" content=\"summary_large_image\" \/>\n<meta name=\"twitter:label1\" content=\"Ber\u00e4knad l\u00e4stid\" \/>\n\t<meta name=\"twitter:data1\" content=\"5 minuter\" \/>\n<script type=\"application\/ld+json\" class=\"yoast-schema-graph\">{\"@context\":\"https:\\\/\\\/schema.org\",\"@graph\":[{\"@type\":[\"WebPage\",\"AboutPage\"],\"@id\":\"https:\\\/\\\/strongflow.fi\\\/sv\\\/behandling-av-bassangvatten-ombord-pa-kryssningsfartyg\",\"url\":\"https:\\\/\\\/strongflow.fi\\\/sv\\\/behandling-av-bassangvatten-ombord-pa-kryssningsfartyg\",\"name\":\"Behandling av bass\u00e4ngvatten ombord p\u00e5 kryssningsfartyg - StrongFlow\",\"isPartOf\":{\"@id\":\"https:\\\/\\\/strongflow.fi\\\/#website\"},\"datePublished\":\"2020-03-26T10:57:16+00:00\",\"dateModified\":\"2021-01-18T08:56:34+00:00\",\"description\":\"Inromation om behandling av bass\u00e4ngvatten ombord p\u00e5 kryssningsfartyg, functioner och utrustning.\",\"breadcrumb\":{\"@id\":\"https:\\\/\\\/strongflow.fi\\\/sv\\\/behandling-av-bassangvatten-ombord-pa-kryssningsfartyg#breadcrumb\"},\"inLanguage\":\"sv-SE\",\"potentialAction\":[{\"@type\":\"ReadAction\",\"target\":[\"https:\\\/\\\/strongflow.fi\\\/sv\\\/behandling-av-bassangvatten-ombord-pa-kryssningsfartyg\"]}]},{\"@type\":\"BreadcrumbList\",\"@id\":\"https:\\\/\\\/strongflow.fi\\\/sv\\\/behandling-av-bassangvatten-ombord-pa-kryssningsfartyg#breadcrumb\",\"itemListElement\":[{\"@type\":\"ListItem\",\"position\":1,\"name\":\"Etusivu\",\"item\":\"https:\\\/\\\/strongflow.fi\\\/sv\"},{\"@type\":\"ListItem\",\"position\":2,\"name\":\"Behandling av bass\u00e4ngvatten ombord p\u00e5 kryssningsfartyg\"}]},{\"@type\":\"WebSite\",\"@id\":\"https:\\\/\\\/strongflow.fi\\\/#website\",\"url\":\"https:\\\/\\\/strongflow.fi\\\/\",\"name\":\"StrongFlow\",\"description\":\"Vedenk&auml;sittelyj&auml;rjestelm&auml;t ja teollisuusautomaatio\",\"publisher\":{\"@id\":\"https:\\\/\\\/strongflow.fi\\\/#organization\"},\"potentialAction\":[{\"@type\":\"SearchAction\",\"target\":{\"@type\":\"EntryPoint\",\"urlTemplate\":\"https:\\\/\\\/strongflow.fi\\\/?s={search_term_string}\"},\"query-input\":{\"@type\":\"PropertyValueSpecification\",\"valueRequired\":true,\"valueName\":\"search_term_string\"}}],\"inLanguage\":\"sv-SE\"},{\"@type\":\"Organization\",\"@id\":\"https:\\\/\\\/strongflow.fi\\\/#organization\",\"name\":\"StrongFlow Oy\",\"url\":\"https:\\\/\\\/strongflow.fi\\\/\",\"logo\":{\"@type\":\"ImageObject\",\"inLanguage\":\"sv-SE\",\"@id\":\"https:\\\/\\\/strongflow.fi\\\/#\\\/schema\\\/logo\\\/image\\\/\",\"url\":\"https:\\\/\\\/i0.wp.com\\\/strongflow.fi\\\/wp-content\\\/uploads\\\/2020\\\/03\\\/StrongFlow_logo_1000.png?fit=1000%2C627&ssl=1\",\"contentUrl\":\"https:\\\/\\\/i0.wp.com\\\/strongflow.fi\\\/wp-content\\\/uploads\\\/2020\\\/03\\\/StrongFlow_logo_1000.png?fit=1000%2C627&ssl=1\",\"width\":1000,\"height\":627,\"caption\":\"StrongFlow Oy\"},\"image\":{\"@id\":\"https:\\\/\\\/strongflow.fi\\\/#\\\/schema\\\/logo\\\/image\\\/\"},\"sameAs\":[\"https:\\\/\\\/fi.linkedin.com\\\/company\\\/strongflow\"]}]}<\/script>\n<!-- \/ Yoast SEO plugin. -->","yoast_head_json":{"title":"Behandling av bass\u00e4ngvatten ombord p\u00e5 kryssningsfartyg - StrongFlow","description":"Inromation om behandling av bass\u00e4ngvatten ombord p\u00e5 kryssningsfartyg, functioner och utrustning.","robots":{"index":"index","follow":"follow","max-snippet":"max-snippet:-1","max-image-preview":"max-image-preview:large","max-video-preview":"max-video-preview:-1"},"canonical":"https:\/\/strongflow.fi\/sv\/behandling-av-bassangvatten-ombord-pa-kryssningsfartyg","og_locale":"sv_SE","og_type":"article","og_title":"Behandling av bass\u00e4ngvatten ombord p\u00e5 kryssningsfartyg - StrongFlow","og_description":"Inromation om behandling av bass\u00e4ngvatten ombord p\u00e5 kryssningsfartyg, functioner och utrustning.","og_url":"https:\/\/strongflow.fi\/sv\/behandling-av-bassangvatten-ombord-pa-kryssningsfartyg","og_site_name":"StrongFlow","article_modified_time":"2021-01-18T08:56:34+00:00","twitter_card":"summary_large_image","twitter_misc":{"Ber\u00e4knad l\u00e4stid":"5 minuter"},"schema":{"@context":"https:\/\/schema.org","@graph":[{"@type":["WebPage","AboutPage"],"@id":"https:\/\/strongflow.fi\/sv\/behandling-av-bassangvatten-ombord-pa-kryssningsfartyg","url":"https:\/\/strongflow.fi\/sv\/behandling-av-bassangvatten-ombord-pa-kryssningsfartyg","name":"Behandling av bass\u00e4ngvatten ombord p\u00e5 kryssningsfartyg - StrongFlow","isPartOf":{"@id":"https:\/\/strongflow.fi\/#website"},"datePublished":"2020-03-26T10:57:16+00:00","dateModified":"2021-01-18T08:56:34+00:00","description":"Inromation om behandling av bass\u00e4ngvatten ombord p\u00e5 kryssningsfartyg, functioner och utrustning.","breadcrumb":{"@id":"https:\/\/strongflow.fi\/sv\/behandling-av-bassangvatten-ombord-pa-kryssningsfartyg#breadcrumb"},"inLanguage":"sv-SE","potentialAction":[{"@type":"ReadAction","target":["https:\/\/strongflow.fi\/sv\/behandling-av-bassangvatten-ombord-pa-kryssningsfartyg"]}]},{"@type":"BreadcrumbList","@id":"https:\/\/strongflow.fi\/sv\/behandling-av-bassangvatten-ombord-pa-kryssningsfartyg#breadcrumb","itemListElement":[{"@type":"ListItem","position":1,"name":"Etusivu","item":"https:\/\/strongflow.fi\/sv"},{"@type":"ListItem","position":2,"name":"Behandling av bass\u00e4ngvatten ombord p\u00e5 kryssningsfartyg"}]},{"@type":"WebSite","@id":"https:\/\/strongflow.fi\/#website","url":"https:\/\/strongflow.fi\/","name":"StrongFlow","description":"Vedenk&auml;sittelyj&auml;rjestelm&auml;t ja teollisuusautomaatio","publisher":{"@id":"https:\/\/strongflow.fi\/#organization"},"potentialAction":[{"@type":"SearchAction","target":{"@type":"EntryPoint","urlTemplate":"https:\/\/strongflow.fi\/?s={search_term_string}"},"query-input":{"@type":"PropertyValueSpecification","valueRequired":true,"valueName":"search_term_string"}}],"inLanguage":"sv-SE"},{"@type":"Organization","@id":"https:\/\/strongflow.fi\/#organization","name":"StrongFlow Oy","url":"https:\/\/strongflow.fi\/","logo":{"@type":"ImageObject","inLanguage":"sv-SE","@id":"https:\/\/strongflow.fi\/#\/schema\/logo\/image\/","url":"https:\/\/i0.wp.com\/strongflow.fi\/wp-content\/uploads\/2020\/03\/StrongFlow_logo_1000.png?fit=1000%2C627&ssl=1","contentUrl":"https:\/\/i0.wp.com\/strongflow.fi\/wp-content\/uploads\/2020\/03\/StrongFlow_logo_1000.png?fit=1000%2C627&ssl=1","width":1000,"height":627,"caption":"StrongFlow Oy"},"image":{"@id":"https:\/\/strongflow.fi\/#\/schema\/logo\/image\/"},"sameAs":["https:\/\/fi.linkedin.com\/company\/strongflow"]}]}},"jetpack_sharing_enabled":true,"_links":{"self":[{"href":"https:\/\/strongflow.fi\/sv\/wp-json\/wp\/v2\/pages\/1400","targetHints":{"allow":["GET"]}}],"collection":[{"href":"https:\/\/strongflow.fi\/sv\/wp-json\/wp\/v2\/pages"}],"about":[{"href":"https:\/\/strongflow.fi\/sv\/wp-json\/wp\/v2\/types\/page"}],"author":[{"embeddable":true,"href":"https:\/\/strongflow.fi\/sv\/wp-json\/wp\/v2\/users\/1"}],"replies":[{"embeddable":true,"href":"https:\/\/strongflow.fi\/sv\/wp-json\/wp\/v2\/comments?post=1400"}],"version-history":[{"count":5,"href":"https:\/\/strongflow.fi\/sv\/wp-json\/wp\/v2\/pages\/1400\/revisions"}],"predecessor-version":[{"id":1845,"href":"https:\/\/strongflow.fi\/sv\/wp-json\/wp\/v2\/pages\/1400\/revisions\/1845"}],"wp:attachment":[{"href":"https:\/\/strongflow.fi\/sv\/wp-json\/wp\/v2\/media?parent=1400"}],"curies":[{"name":"wp","href":"https:\/\/api.w.org\/{rel}","templated":true}]}}