{"id":1356,"date":"2020-04-08T14:32:12","date_gmt":"2020-04-08T11:32:12","guid":{"rendered":"https:\/\/strongflow.fi\/kaanteisosmoosilaitteet"},"modified":"2021-01-26T15:02:00","modified_gmt":"2021-01-26T13:02:00","slug":"utrustning-for-omvand-osmos","status":"publish","type":"page","link":"https:\/\/strongflow.fi\/sv\/utrustning-for-omvand-osmos","title":{"rendered":"Utrustning f\u00f6r omv\u00e4nd osmos"},"content":{"rendered":"[vc_row type=&#8221;full_width_background&#8221; full_screen_row_position=&#8221;middle&#8221; column_margin=&#8221;default&#8221; column_direction=&#8221;default&#8221; column_direction_tablet=&#8221;default&#8221; column_direction_phone=&#8221;default&#8221; bg_image=&#8221;203&#8243; bg_position=&#8221;center center&#8221; bg_repeat=&#8221;no-repeat&#8221; scene_position=&#8221;center&#8221; top_padding=&#8221;10%&#8221; bottom_padding=&#8221;10%&#8221; text_color=&#8221;dark&#8221; text_align=&#8221;left&#8221; row_border_radius=&#8221;none&#8221; row_border_radius_applies=&#8221;bg&#8221; enable_gradient=&#8221;true&#8221; color_overlay=&#8221;#000000&#8243; overlay_strength=&#8221;0.8&#8243; gradient_direction=&#8221;left_to_right&#8221; shape_divider_position=&#8221;bottom&#8221; bg_image_animation=&#8221;none&#8221; shape_type=&#8221;&#8221;][vc_column column_padding=&#8221;no-extra-padding&#8221; column_padding_tablet=&#8221;inherit&#8221; column_padding_phone=&#8221;inherit&#8221; column_padding_position=&#8221;all&#8221; background_color_opacity=&#8221;1&#8243; background_hover_color_opacity=&#8221;1&#8243; column_shadow=&#8221;none&#8221; column_border_radius=&#8221;none&#8221; column_link_target=&#8221;_self&#8221; gradient_direction=&#8221;left_to_right&#8221; overlay_strength=&#8221;0.3&#8243; width=&#8221;1\/1&#8243; tablet_width_inherit=&#8221;default&#8221; tablet_text_alignment=&#8221;default&#8221; phone_text_alignment=&#8221;default&#8221; column_border_width=&#8221;none&#8221; column_border_style=&#8221;solid&#8221; bg_image_animation=&#8221;none&#8221;][vc_custom_heading text=&#8221;Utrustning f\u00f6r omv\u00e4nd osmos&#8221; font_container=&#8221;tag:h1|text_align:left|color:%23ffffff&#8221; use_theme_fonts=&#8221;yes&#8221;][\/vc_column][\/vc_row][vc_row type=&#8221;full_width_content&#8221; full_screen_row_position=&#8221;middle&#8221; column_margin=&#8221;default&#8221; equal_height=&#8221;yes&#8221; content_placement=&#8221;top&#8221; column_direction=&#8221;default&#8221; column_direction_tablet=&#8221;default&#8221; column_direction_phone=&#8221;default&#8221; scene_position=&#8221;center&#8221; bottom_padding=&#8221;0&#8243; text_color=&#8221;dark&#8221; text_align=&#8221;left&#8221; row_border_radius=&#8221;none&#8221; row_border_radius_applies=&#8221;bg&#8221; overlay_strength=&#8221;0.3&#8243; gradient_direction=&#8221;left_to_right&#8221; shape_divider_position=&#8221;bottom&#8221; bg_image_animation=&#8221;none&#8221; shape_type=&#8221;&#8221;][vc_column column_padding=&#8221;padding-10-percent&#8221; column_padding_tablet=&#8221;inherit&#8221; column_padding_phone=&#8221;inherit&#8221; column_padding_position=&#8221;all&#8221; background_color_opacity=&#8221;1&#8243; background_hover_color_opacity=&#8221;1&#8243; column_shadow=&#8221;none&#8221; column_border_radius=&#8221;none&#8221; column_link_target=&#8221;_self&#8221; gradient_direction=&#8221;left_to_right&#8221; overlay_strength=&#8221;0.3&#8243; width=&#8221;2\/3&#8243; tablet_width_inherit=&#8221;default&#8221; tablet_text_alignment=&#8221;default&#8221; phone_text_alignment=&#8221;default&#8221; column_border_width=&#8221;none&#8221; column_border_style=&#8221;solid&#8221; bg_image_animation=&#8221;none&#8221;][vc_row_inner equal_height=&#8221;yes&#8221; content_placement=&#8221;top&#8221; column_margin=&#8221;default&#8221; column_direction=&#8221;default&#8221; column_direction_tablet=&#8221;default&#8221; column_direction_phone=&#8221;default&#8221; bottom_padding=&#8221;5%&#8221; text_align=&#8221;left&#8221;][vc_column_inner column_padding=&#8221;padding-5-percent&#8221; column_padding_tablet=&#8221;inherit&#8221; column_padding_phone=&#8221;inherit&#8221; column_padding_position=&#8221;right&#8221; background_color_opacity=&#8221;1&#8243; background_hover_color_opacity=&#8221;1&#8243; column_shadow=&#8221;none&#8221; column_border_radius=&#8221;none&#8221; column_link_target=&#8221;_self&#8221; gradient_direction=&#8221;left_to_right&#8221; overlay_strength=&#8221;0.3&#8243; width=&#8221;1\/2&#8243; tablet_width_inherit=&#8221;default&#8221; column_border_width=&#8221;none&#8221; column_border_style=&#8221;solid&#8221; bg_image_animation=&#8221;none&#8221;][vc_column_text]Omv\u00e4nd osmos kan reducera cirka 97\u201399,5 % av alla salter som \u00e4r uppl\u00f6sta i vattnet. Exempel p\u00e5 anv\u00e4ndnings\u00e4ndam\u00e5l \u00e4r turbinkraftverk, produktion av dricks- och bevattningsvatten av havsvatten samt olika produktionsprocesser som kr\u00e4ver helt saltfritt vatten.<\/p>\n<p>Fl\u00f6deshastigheten i v\u00e5r standardutrustning f\u00f6r omv\u00e4nd osmos ligger mellan 0,5 och 1,5 m3\/h. Kontakta v\u00e5r s\u00e4ljavdelning om du beh\u00f6ver RO-utrustning med h\u00f6gre kapacitet.[\/vc_column_text][\/vc_column_inner][vc_column_inner column_padding=&#8221;no-extra-padding&#8221; column_padding_tablet=&#8221;inherit&#8221; column_padding_phone=&#8221;inherit&#8221; column_padding_position=&#8221;all&#8221; background_color_opacity=&#8221;1&#8243; background_hover_color_opacity=&#8221;1&#8243; column_shadow=&#8221;none&#8221; column_border_radius=&#8221;none&#8221; column_link_target=&#8221;_self&#8221; gradient_direction=&#8221;left_to_right&#8221; overlay_strength=&#8221;0.3&#8243; width=&#8221;1\/2&#8243; tablet_width_inherit=&#8221;default&#8221; column_border_width=&#8221;none&#8221; column_border_style=&#8221;solid&#8221; bg_image_animation=&#8221;none&#8221;][image_with_animation image_url=&#8221;337&#8243; animation=&#8221;Fade In&#8221; hover_animation=&#8221;none&#8221; alignment=&#8221;&#8221; border_radius=&#8221;none&#8221; box_shadow=&#8221;none&#8221; image_loading=&#8221;default&#8221; max_width=&#8221;75%&#8221; max_width_mobile=&#8221;default&#8221;][\/vc_column_inner][\/vc_row_inner][vc_row_inner column_margin=&#8221;40px&#8221; column_direction=&#8221;default&#8221; column_direction_tablet=&#8221;default&#8221; column_direction_phone=&#8221;default&#8221; text_align=&#8221;left&#8221;][vc_column_inner column_padding=&#8221;no-extra-padding&#8221; column_padding_tablet=&#8221;inherit&#8221; column_padding_phone=&#8221;inherit&#8221; column_padding_position=&#8221;right&#8221; background_color_opacity=&#8221;1&#8243; background_hover_color_opacity=&#8221;1&#8243; column_shadow=&#8221;none&#8221; column_border_radius=&#8221;none&#8221; column_link_target=&#8221;_self&#8221; gradient_direction=&#8221;left_to_right&#8221; overlay_strength=&#8221;0.3&#8243; width=&#8221;1\/2&#8243; tablet_width_inherit=&#8221;default&#8221; column_border_width=&#8221;none&#8221; column_border_style=&#8221;solid&#8221; bg_image_animation=&#8221;none&#8221;][vc_custom_heading text=&#8221;Funktioner&#8221; font_container=&#8221;tag:h4|text_align:left&#8221; use_theme_fonts=&#8221;yes&#8221;][divider line_type=&#8221;No Line&#8221; custom_height=&#8221;30&#8243;]<div class=\"nectar-fancy-ul\" data-list-icon=\"fa fa-check\" data-animation=\"false\" data-animation-delay=\"0\" data-color=\"accent-color\" data-spacing=\"default\" data-alignment=\"left\"> \n<ul>\n<li>Peksk\u00e4rm och informativt anv\u00e4ndargr\u00e4nssnitt<\/li>\n<li>M\u00f6jlighet till integrering med andra system (till exempel process- och fabriksstyrningssystem) och fj\u00e4rrmonitorering\/-\u00e5tg\u00e4rder<\/li>\n<li>Rent elektriska instrument<\/li>\n<li>Ram i rostfritt st\u00e5l<\/li>\n<\/ul>\n <\/div>[\/vc_column_inner][vc_column_inner column_padding=&#8221;no-extra-padding&#8221; column_padding_tablet=&#8221;inherit&#8221; column_padding_phone=&#8221;inherit&#8221; column_padding_position=&#8221;left-right&#8221; background_color_opacity=&#8221;1&#8243; background_hover_color_opacity=&#8221;1&#8243; column_shadow=&#8221;none&#8221; column_border_radius=&#8221;none&#8221; column_link_target=&#8221;_self&#8221; gradient_direction=&#8221;left_to_right&#8221; overlay_strength=&#8221;0.3&#8243; width=&#8221;1\/2&#8243; tablet_width_inherit=&#8221;default&#8221; column_border_width=&#8221;none&#8221; column_border_style=&#8221;solid&#8221; bg_image_animation=&#8221;none&#8221;][vc_custom_heading text=&#8221;Teknisk data&#8221; font_container=&#8221;tag:h4|text_align:left&#8221; use_theme_fonts=&#8221;yes&#8221;][divider line_type=&#8221;No Line&#8221; custom_height=&#8221;30&#8243;][vc_column_text el_class=&#8221;taulukko&#8221;]\n<table style=\"border-collapse: collapse; width: 100%;\">\n<tbody>\n<tr style=\"background: #E53E11; color: white;\">\n<td style=\"width: 30%; text-align: center;\">M\u00e5tt (mm)<\/td>\n<td style=\"width: 70%; text-align: center;\">Bredd 1150 \u2013 djup 700 \u2013 h\u00f6jd 1400<\/td>\n<\/tr>\n<tr style=\"background: #E53E11; color: white;\">\n<td style=\"width: 30%; text-align: center;\">Avkastning<\/td>\n<td style=\"width: 70%; text-align: center;\">0,5-1,5 m\u00b3\/h<\/td>\n<\/tr>\n<\/tbody>\n<\/table>\n[\/vc_column_text][\/vc_column_inner][\/vc_row_inner][\/vc_column][vc_column column_padding=&#8221;padding-10-percent&#8221; column_padding_tablet=&#8221;inherit&#8221; column_padding_phone=&#8221;inherit&#8221; column_padding_position=&#8221;top-bottom&#8221; background_color=&#8221;#f7f7f7&#8243; background_color_opacity=&#8221;1&#8243; background_hover_color_opacity=&#8221;1&#8243; column_shadow=&#8221;none&#8221; column_border_radius=&#8221;none&#8221; column_link_target=&#8221;_self&#8221; gradient_direction=&#8221;left_to_right&#8221; overlay_strength=&#8221;0.3&#8243; width=&#8221;1\/3&#8243; tablet_width_inherit=&#8221;default&#8221; tablet_text_alignment=&#8221;default&#8221; phone_text_alignment=&#8221;default&#8221; column_border_width=&#8221;none&#8221; column_border_style=&#8221;solid&#8221; bg_image_animation=&#8221;none&#8221;][vc_row_inner column_margin=&#8221;default&#8221; column_direction=&#8221;default&#8221; column_direction_tablet=&#8221;default&#8221; column_direction_phone=&#8221;default&#8221; bottom_padding=&#8221;5%&#8221; text_align=&#8221;left&#8221;][vc_column_inner column_padding=&#8221;padding-10-percent&#8221; column_padding_tablet=&#8221;inherit&#8221; column_padding_phone=&#8221;inherit&#8221; column_padding_position=&#8221;left-right&#8221; background_color_opacity=&#8221;1&#8243; background_hover_color_opacity=&#8221;1&#8243; column_shadow=&#8221;none&#8221; column_border_radius=&#8221;none&#8221; column_link_target=&#8221;_self&#8221; gradient_direction=&#8221;left_to_right&#8221; overlay_strength=&#8221;0.3&#8243; width=&#8221;1\/1&#8243; tablet_width_inherit=&#8221;default&#8221; column_border_width=&#8221;none&#8221; column_border_style=&#8221;solid&#8221; bg_image_animation=&#8221;none&#8221;][vc_custom_heading text=&#8221;Relaterade system&#8221; font_container=&#8221;tag:h4|text_align:left|color:%23000000&#8243; use_theme_fonts=&#8221;yes&#8221;][nectar_btn size=&#8221;large&#8221; button_style=&#8221;see-through&#8221; button_color_2=&#8221;Extra-Color-1&#8243; icon_family=&#8221;default_arrow&#8221; el_class=&#8221;fullbutton&#8221; url=&#8221;\/kaanteisosmoosijarjestelmat&#8221; text=&#8221;System f\u00f6r omv\u00e4nd osmos&#8221; margin_top=&#8221;10&#8243; margin_right=&#8221;15&#8243; margin_bottom=&#8221;10&#8243;][\/vc_column_inner][\/vc_row_inner][vc_row_inner column_margin=&#8221;default&#8221; column_direction=&#8221;default&#8221; column_direction_tablet=&#8221;default&#8221; column_direction_phone=&#8221;default&#8221; top_padding=&#8221;5%&#8221; text_align=&#8221;left&#8221;][vc_column_inner column_padding=&#8221;padding-10-percent&#8221; column_padding_tablet=&#8221;inherit&#8221; column_padding_phone=&#8221;inherit&#8221; column_padding_position=&#8221;left-right&#8221; background_color_opacity=&#8221;1&#8243; background_hover_color_opacity=&#8221;1&#8243; column_shadow=&#8221;none&#8221; column_border_radius=&#8221;none&#8221; column_link_target=&#8221;_self&#8221; gradient_direction=&#8221;left_to_right&#8221; overlay_strength=&#8221;0.3&#8243; width=&#8221;1\/1&#8243; tablet_width_inherit=&#8221;default&#8221; column_border_width=&#8221;none&#8221; column_border_style=&#8221;solid&#8221; bg_image_animation=&#8221;none&#8221;][vc_custom_heading text=&#8221;Relaterad teknik&#8221; font_container=&#8221;tag:h4|text_align:left|color:%23000000&#8243; use_theme_fonts=&#8221;yes&#8221;][nectar_btn size=&#8221;large&#8221; button_style=&#8221;see-through&#8221; button_color_2=&#8221;Extra-Color-1&#8243; icon_family=&#8221;default_arrow&#8221; el_class=&#8221;fullbutton&#8221; url=&#8221;\/kaanteisosmoosi&#8221; text=&#8221;Omv\u00e4nd osmos&#8221; margin_top=&#8221;10&#8243; margin_right=&#8221;15&#8243; margin_bottom=&#8221;10&#8243;][\/vc_column_inner][\/vc_row_inner][\/vc_column][\/vc_row]\n","protected":false},"excerpt":{"rendered":"<p>[vc_row type=&#8221;full_width_background&#8221; full_screen_row_position=&#8221;middle&#8221; column_margin=&#8221;default&#8221; column_direction=&#8221;default&#8221; column_direction_tablet=&#8221;default&#8221; column_direction_phone=&#8221;default&#8221; bg_image=&#8221;203&#8243; bg_position=&#8221;center center&#8221; bg_repeat=&#8221;no-repeat&#8221; scene_position=&#8221;center&#8221; top_padding=&#8221;10%&#8221; bottom_padding=&#8221;10%&#8221; text_color=&#8221;dark&#8221; text_align=&#8221;left&#8221; row_border_radius=&#8221;none&#8221; row_border_radius_applies=&#8221;bg&#8221; enable_gradient=&#8221;true&#8221; color_overlay=&#8221;#000000&#8243; overlay_strength=&#8221;0.8&#8243; gradient_direction=&#8221;left_to_right&#8221; shape_divider_position=&#8221;bottom&#8221; bg_image_animation=&#8221;none&#8221; shape_type=&#8221;&#8221;][vc_column column_padding=&#8221;no-extra-padding&#8221; column_padding_tablet=&#8221;inherit&#8221; column_padding_phone=&#8221;inherit&#8221; column_padding_position=&#8221;all&#8221; background_color_opacity=&#8221;1&#8243;&#8230;<\/p>\n","protected":false},"author":1,"featured_media":0,"parent":0,"menu_order":0,"comment_status":"closed","ping_status":"closed","template":"","meta":{"footnotes":""},"class_list":["post-1356","page","type-page","status-publish"],"yoast_head":"<!-- This site is optimized with the Yoast SEO plugin v27.3 - https:\/\/yoast.com\/product\/yoast-seo-wordpress\/ -->\n<title>Utrustning f\u00f6r omv\u00e4nd osmos - StrongFlow %<\/title>\n<meta name=\"description\" content=\"StrongFlow- Utrustning f\u00f6r omv\u00e4nd osmos f\u00f6r industriell och professionell anv\u00e4ndning - avkastning 0,5-1,5 m\u00b3 \/ h.\" \/>\n<meta name=\"robots\" content=\"index, follow, max-snippet:-1, max-image-preview:large, max-video-preview:-1\" \/>\n<link rel=\"canonical\" href=\"https:\/\/strongflow.fi\/sv\/utrustning-for-omvand-osmos\" \/>\n<meta property=\"og:locale\" content=\"sv_SE\" \/>\n<meta property=\"og:type\" content=\"article\" \/>\n<meta property=\"og:title\" content=\"Utrustning f\u00f6r omv\u00e4nd osmos - StrongFlow %\" \/>\n<meta property=\"og:description\" content=\"StrongFlow- Utrustning f\u00f6r omv\u00e4nd osmos f\u00f6r industriell och professionell anv\u00e4ndning - avkastning 0,5-1,5 m\u00b3 \/ h.\" \/>\n<meta property=\"og:url\" content=\"https:\/\/strongflow.fi\/sv\/utrustning-for-omvand-osmos\" \/>\n<meta property=\"og:site_name\" content=\"StrongFlow\" \/>\n<meta property=\"article:modified_time\" content=\"2021-01-26T13:02:00+00:00\" \/>\n<meta name=\"twitter:card\" content=\"summary_large_image\" \/>\n<meta name=\"twitter:label1\" content=\"Ber\u00e4knad l\u00e4stid\" \/>\n\t<meta name=\"twitter:data1\" content=\"6 minuter\" \/>\n<script type=\"application\/ld+json\" class=\"yoast-schema-graph\">{\"@context\":\"https:\\\/\\\/schema.org\",\"@graph\":[{\"@type\":[\"WebPage\",\"AboutPage\"],\"@id\":\"https:\\\/\\\/strongflow.fi\\\/sv\\\/utrustning-for-omvand-osmos\",\"url\":\"https:\\\/\\\/strongflow.fi\\\/sv\\\/utrustning-for-omvand-osmos\",\"name\":\"Utrustning f\u00f6r omv\u00e4nd osmos - StrongFlow %\",\"isPartOf\":{\"@id\":\"https:\\\/\\\/strongflow.fi\\\/#website\"},\"datePublished\":\"2020-04-08T11:32:12+00:00\",\"dateModified\":\"2021-01-26T13:02:00+00:00\",\"description\":\"StrongFlow- Utrustning f\u00f6r omv\u00e4nd osmos f\u00f6r industriell och professionell anv\u00e4ndning - avkastning 0,5-1,5 m\u00b3 \\\/ h.\",\"breadcrumb\":{\"@id\":\"https:\\\/\\\/strongflow.fi\\\/sv\\\/utrustning-for-omvand-osmos#breadcrumb\"},\"inLanguage\":\"sv-SE\",\"potentialAction\":[{\"@type\":\"ReadAction\",\"target\":[\"https:\\\/\\\/strongflow.fi\\\/sv\\\/utrustning-for-omvand-osmos\"]}]},{\"@type\":\"BreadcrumbList\",\"@id\":\"https:\\\/\\\/strongflow.fi\\\/sv\\\/utrustning-for-omvand-osmos#breadcrumb\",\"itemListElement\":[{\"@type\":\"ListItem\",\"position\":1,\"name\":\"Etusivu\",\"item\":\"https:\\\/\\\/strongflow.fi\\\/sv\"},{\"@type\":\"ListItem\",\"position\":2,\"name\":\"Utrustning f\u00f6r omv\u00e4nd osmos\"}]},{\"@type\":\"WebSite\",\"@id\":\"https:\\\/\\\/strongflow.fi\\\/#website\",\"url\":\"https:\\\/\\\/strongflow.fi\\\/\",\"name\":\"StrongFlow\",\"description\":\"Vedenk&auml;sittelyj&auml;rjestelm&auml;t ja teollisuusautomaatio\",\"publisher\":{\"@id\":\"https:\\\/\\\/strongflow.fi\\\/#organization\"},\"potentialAction\":[{\"@type\":\"SearchAction\",\"target\":{\"@type\":\"EntryPoint\",\"urlTemplate\":\"https:\\\/\\\/strongflow.fi\\\/?s={search_term_string}\"},\"query-input\":{\"@type\":\"PropertyValueSpecification\",\"valueRequired\":true,\"valueName\":\"search_term_string\"}}],\"inLanguage\":\"sv-SE\"},{\"@type\":\"Organization\",\"@id\":\"https:\\\/\\\/strongflow.fi\\\/#organization\",\"name\":\"StrongFlow Oy\",\"url\":\"https:\\\/\\\/strongflow.fi\\\/\",\"logo\":{\"@type\":\"ImageObject\",\"inLanguage\":\"sv-SE\",\"@id\":\"https:\\\/\\\/strongflow.fi\\\/#\\\/schema\\\/logo\\\/image\\\/\",\"url\":\"https:\\\/\\\/i0.wp.com\\\/strongflow.fi\\\/wp-content\\\/uploads\\\/2020\\\/03\\\/StrongFlow_logo_1000.png?fit=1000%2C627&ssl=1\",\"contentUrl\":\"https:\\\/\\\/i0.wp.com\\\/strongflow.fi\\\/wp-content\\\/uploads\\\/2020\\\/03\\\/StrongFlow_logo_1000.png?fit=1000%2C627&ssl=1\",\"width\":1000,\"height\":627,\"caption\":\"StrongFlow Oy\"},\"image\":{\"@id\":\"https:\\\/\\\/strongflow.fi\\\/#\\\/schema\\\/logo\\\/image\\\/\"},\"sameAs\":[\"https:\\\/\\\/fi.linkedin.com\\\/company\\\/strongflow\"]}]}<\/script>\n<!-- \/ Yoast SEO plugin. -->","yoast_head_json":{"title":"Utrustning f\u00f6r omv\u00e4nd osmos - StrongFlow %","description":"StrongFlow- Utrustning f\u00f6r omv\u00e4nd osmos f\u00f6r industriell och professionell anv\u00e4ndning - avkastning 0,5-1,5 m\u00b3 \/ h.","robots":{"index":"index","follow":"follow","max-snippet":"max-snippet:-1","max-image-preview":"max-image-preview:large","max-video-preview":"max-video-preview:-1"},"canonical":"https:\/\/strongflow.fi\/sv\/utrustning-for-omvand-osmos","og_locale":"sv_SE","og_type":"article","og_title":"Utrustning f\u00f6r omv\u00e4nd osmos - StrongFlow %","og_description":"StrongFlow- Utrustning f\u00f6r omv\u00e4nd osmos f\u00f6r industriell och professionell anv\u00e4ndning - avkastning 0,5-1,5 m\u00b3 \/ h.","og_url":"https:\/\/strongflow.fi\/sv\/utrustning-for-omvand-osmos","og_site_name":"StrongFlow","article_modified_time":"2021-01-26T13:02:00+00:00","twitter_card":"summary_large_image","twitter_misc":{"Ber\u00e4knad l\u00e4stid":"6 minuter"},"schema":{"@context":"https:\/\/schema.org","@graph":[{"@type":["WebPage","AboutPage"],"@id":"https:\/\/strongflow.fi\/sv\/utrustning-for-omvand-osmos","url":"https:\/\/strongflow.fi\/sv\/utrustning-for-omvand-osmos","name":"Utrustning f\u00f6r omv\u00e4nd osmos - StrongFlow %","isPartOf":{"@id":"https:\/\/strongflow.fi\/#website"},"datePublished":"2020-04-08T11:32:12+00:00","dateModified":"2021-01-26T13:02:00+00:00","description":"StrongFlow- Utrustning f\u00f6r omv\u00e4nd osmos f\u00f6r industriell och professionell anv\u00e4ndning - avkastning 0,5-1,5 m\u00b3 \/ h.","breadcrumb":{"@id":"https:\/\/strongflow.fi\/sv\/utrustning-for-omvand-osmos#breadcrumb"},"inLanguage":"sv-SE","potentialAction":[{"@type":"ReadAction","target":["https:\/\/strongflow.fi\/sv\/utrustning-for-omvand-osmos"]}]},{"@type":"BreadcrumbList","@id":"https:\/\/strongflow.fi\/sv\/utrustning-for-omvand-osmos#breadcrumb","itemListElement":[{"@type":"ListItem","position":1,"name":"Etusivu","item":"https:\/\/strongflow.fi\/sv"},{"@type":"ListItem","position":2,"name":"Utrustning f\u00f6r omv\u00e4nd osmos"}]},{"@type":"WebSite","@id":"https:\/\/strongflow.fi\/#website","url":"https:\/\/strongflow.fi\/","name":"StrongFlow","description":"Vedenk&auml;sittelyj&auml;rjestelm&auml;t ja teollisuusautomaatio","publisher":{"@id":"https:\/\/strongflow.fi\/#organization"},"potentialAction":[{"@type":"SearchAction","target":{"@type":"EntryPoint","urlTemplate":"https:\/\/strongflow.fi\/?s={search_term_string}"},"query-input":{"@type":"PropertyValueSpecification","valueRequired":true,"valueName":"search_term_string"}}],"inLanguage":"sv-SE"},{"@type":"Organization","@id":"https:\/\/strongflow.fi\/#organization","name":"StrongFlow Oy","url":"https:\/\/strongflow.fi\/","logo":{"@type":"ImageObject","inLanguage":"sv-SE","@id":"https:\/\/strongflow.fi\/#\/schema\/logo\/image\/","url":"https:\/\/i0.wp.com\/strongflow.fi\/wp-content\/uploads\/2020\/03\/StrongFlow_logo_1000.png?fit=1000%2C627&ssl=1","contentUrl":"https:\/\/i0.wp.com\/strongflow.fi\/wp-content\/uploads\/2020\/03\/StrongFlow_logo_1000.png?fit=1000%2C627&ssl=1","width":1000,"height":627,"caption":"StrongFlow Oy"},"image":{"@id":"https:\/\/strongflow.fi\/#\/schema\/logo\/image\/"},"sameAs":["https:\/\/fi.linkedin.com\/company\/strongflow"]}]}},"jetpack_sharing_enabled":true,"_links":{"self":[{"href":"https:\/\/strongflow.fi\/sv\/wp-json\/wp\/v2\/pages\/1356","targetHints":{"allow":["GET"]}}],"collection":[{"href":"https:\/\/strongflow.fi\/sv\/wp-json\/wp\/v2\/pages"}],"about":[{"href":"https:\/\/strongflow.fi\/sv\/wp-json\/wp\/v2\/types\/page"}],"author":[{"embeddable":true,"href":"https:\/\/strongflow.fi\/sv\/wp-json\/wp\/v2\/users\/1"}],"replies":[{"embeddable":true,"href":"https:\/\/strongflow.fi\/sv\/wp-json\/wp\/v2\/comments?post=1356"}],"version-history":[{"count":5,"href":"https:\/\/strongflow.fi\/sv\/wp-json\/wp\/v2\/pages\/1356\/revisions"}],"predecessor-version":[{"id":1924,"href":"https:\/\/strongflow.fi\/sv\/wp-json\/wp\/v2\/pages\/1356\/revisions\/1924"}],"wp:attachment":[{"href":"https:\/\/strongflow.fi\/sv\/wp-json\/wp\/v2\/media?parent=1356"}],"curies":[{"name":"wp","href":"https:\/\/api.w.org\/{rel}","templated":true}]}}