{"id":1330,"date":"2020-04-08T15:05:40","date_gmt":"2020-04-08T12:05:40","guid":{"rendered":"https:\/\/strongflow.fi\/prosessiohjaukset"},"modified":"2021-01-18T14:29:12","modified_gmt":"2021-01-18T12:29:12","slug":"processtyrning","status":"publish","type":"page","link":"https:\/\/strongflow.fi\/sv\/processtyrning","title":{"rendered":"Processtyrning"},"content":{"rendered":"[vc_row type=&#8221;full_width_background&#8221; full_screen_row_position=&#8221;middle&#8221; column_margin=&#8221;default&#8221; column_direction=&#8221;default&#8221; column_direction_tablet=&#8221;default&#8221; column_direction_phone=&#8221;default&#8221; bg_image=&#8221;167&#8243; bg_position=&#8221;center top&#8221; bg_repeat=&#8221;no-repeat&#8221; scene_position=&#8221;center&#8221; top_padding=&#8221;10%&#8221; bottom_padding=&#8221;10%&#8221; text_color=&#8221;dark&#8221; text_align=&#8221;left&#8221; row_border_radius=&#8221;none&#8221; row_border_radius_applies=&#8221;bg&#8221; enable_gradient=&#8221;true&#8221; color_overlay=&#8221;#000000&#8243; overlay_strength=&#8221;0.8&#8243; gradient_direction=&#8221;left_to_right&#8221; shape_divider_position=&#8221;bottom&#8221; bg_image_animation=&#8221;none&#8221; shape_type=&#8221;&#8221;][vc_column column_padding=&#8221;no-extra-padding&#8221; column_padding_tablet=&#8221;inherit&#8221; column_padding_phone=&#8221;inherit&#8221; column_padding_position=&#8221;all&#8221; background_color_opacity=&#8221;1&#8243; background_hover_color_opacity=&#8221;1&#8243; column_shadow=&#8221;none&#8221; column_border_radius=&#8221;none&#8221; column_link_target=&#8221;_self&#8221; gradient_direction=&#8221;left_to_right&#8221; overlay_strength=&#8221;0.3&#8243; width=&#8221;1\/1&#8243; tablet_width_inherit=&#8221;default&#8221; tablet_text_alignment=&#8221;default&#8221; phone_text_alignment=&#8221;default&#8221; column_border_width=&#8221;none&#8221; column_border_style=&#8221;solid&#8221; bg_image_animation=&#8221;none&#8221;][vc_custom_heading text=&#8221;Processtyrning&#8221; font_container=&#8221;tag:h1|text_align:left|color:%23ffffff&#8221; use_theme_fonts=&#8221;yes&#8221;][\/vc_column][\/vc_row][vc_row type=&#8221;full_width_content&#8221; full_screen_row_position=&#8221;middle&#8221; column_margin=&#8221;default&#8221; equal_height=&#8221;yes&#8221; content_placement=&#8221;top&#8221; column_direction=&#8221;default&#8221; column_direction_tablet=&#8221;default&#8221; column_direction_phone=&#8221;default&#8221; scene_position=&#8221;center&#8221; bottom_padding=&#8221;0&#8243; text_color=&#8221;dark&#8221; text_align=&#8221;left&#8221; row_border_radius=&#8221;none&#8221; row_border_radius_applies=&#8221;bg&#8221; overlay_strength=&#8221;0.3&#8243; gradient_direction=&#8221;left_to_right&#8221; shape_divider_position=&#8221;bottom&#8221; bg_image_animation=&#8221;none&#8221; shape_type=&#8221;&#8221;][vc_column column_padding=&#8221;padding-10-percent&#8221; column_padding_tablet=&#8221;inherit&#8221; column_padding_phone=&#8221;inherit&#8221; column_padding_position=&#8221;top-bottom&#8221; background_color_opacity=&#8221;1&#8243; background_hover_color_opacity=&#8221;1&#8243; column_shadow=&#8221;none&#8221; column_border_radius=&#8221;none&#8221; column_link_target=&#8221;_self&#8221; gradient_direction=&#8221;left_to_right&#8221; overlay_strength=&#8221;0.3&#8243; width=&#8221;2\/3&#8243; tablet_width_inherit=&#8221;default&#8221; tablet_text_alignment=&#8221;default&#8221; phone_text_alignment=&#8221;default&#8221; column_border_width=&#8221;none&#8221; column_border_style=&#8221;solid&#8221; bg_image_animation=&#8221;none&#8221;][vc_row_inner column_margin=&#8221;default&#8221; column_direction=&#8221;default&#8221; column_direction_tablet=&#8221;default&#8221; column_direction_phone=&#8221;default&#8221; text_align=&#8221;left&#8221;][vc_column_inner column_padding=&#8221;padding-17-percent&#8221; column_padding_tablet=&#8221;inherit&#8221; column_padding_phone=&#8221;inherit&#8221; column_padding_position=&#8221;left-right&#8221; background_color_opacity=&#8221;1&#8243; background_hover_color_opacity=&#8221;1&#8243; column_shadow=&#8221;none&#8221; column_border_radius=&#8221;none&#8221; column_link_target=&#8221;_self&#8221; gradient_direction=&#8221;left_to_right&#8221; overlay_strength=&#8221;0.3&#8243; width=&#8221;1\/1&#8243; tablet_width_inherit=&#8221;default&#8221; column_border_width=&#8221;none&#8221; column_border_style=&#8221;solid&#8221; bg_image_animation=&#8221;none&#8221;][vc_column_text]Det \u00e4r viktigt att utformning och utf\u00f6rande av system f\u00f6r processtyrning utg\u00e5r fr\u00e5n en f\u00f6rst\u00e5else f\u00f6r den process som ska styras. Detta kan l\u00e5ta som en sj\u00e4lvklarhet, men \u00e4r inte alltid m\u00f6jligt eftersom processens automations- och styrsystem och den egentliga anl\u00e4ggningen ofta planeras av olika organisationer. I s\u00e5dana situationer \u00e4r det viktigt att automationsplaneraren vill s\u00e4tta sig in i processens funktion, och klarar av att gestalta olika processteknologiers s\u00e4rdrag och krav.<\/p>\n<p>StrongFlow besitter egen processkunskap s\u00e4rskilt inom vattenbehandling, pumpning, kontroll av v\u00e4tskefl\u00f6den samt ytm\u00e4tningar. Vi har dessutom levererat olika typer av maskinstyrningssystem f\u00f6r industri och fartyg.<\/p>\n<p>Vi antar g\u00e4rna utmaningar ocks\u00e5 inom andra processteknologier och applikationer.[\/vc_column_text][\/vc_column_inner][\/vc_row_inner][vc_gallery type=&#8221;flickity_style&#8221; images=&#8221;653,655,656&#8243; flickity_spacing=&#8221;default&#8221; flickity_controls=&#8221;pagination&#8221; flickity_overflow=&#8221;hidden&#8221; flickity_wrap_around=&#8221;wrap&#8221; flickity_desktop_columns=&#8221;1&#8243; flickity_small_desktop_columns=&#8221;1&#8243; flickity_tablet_columns=&#8221;1&#8243; flickity_autoplay=&#8221;true&#8221; flickity_box_shadow=&#8221;none&#8221; image_loading=&#8221;default&#8221; onclick=&#8221;link_image&#8221; img_size=&#8221;1200&#215;800&#8243; flickity_autoplay_dur=&#8221;6000&#8243;][\/vc_column][vc_column column_padding=&#8221;padding-10-percent&#8221; column_padding_tablet=&#8221;inherit&#8221; column_padding_phone=&#8221;inherit&#8221; column_padding_position=&#8221;top-bottom&#8221; background_color=&#8221;#f7f7f7&#8243; background_color_opacity=&#8221;1&#8243; background_hover_color_opacity=&#8221;1&#8243; column_shadow=&#8221;none&#8221; column_border_radius=&#8221;none&#8221; column_link_target=&#8221;_self&#8221; gradient_direction=&#8221;left_to_right&#8221; overlay_strength=&#8221;0.3&#8243; width=&#8221;1\/3&#8243; tablet_width_inherit=&#8221;default&#8221; tablet_text_alignment=&#8221;default&#8221; phone_text_alignment=&#8221;default&#8221; column_border_width=&#8221;none&#8221; column_border_style=&#8221;solid&#8221; bg_image_animation=&#8221;none&#8221;][vc_row_inner column_margin=&#8221;default&#8221; column_direction=&#8221;default&#8221; column_direction_tablet=&#8221;default&#8221; column_direction_phone=&#8221;default&#8221; text_align=&#8221;left&#8221;][vc_column_inner column_padding=&#8221;padding-10-percent&#8221; column_padding_tablet=&#8221;inherit&#8221; column_padding_phone=&#8221;inherit&#8221; column_padding_position=&#8221;left-right&#8221; background_color_opacity=&#8221;1&#8243; background_hover_color_opacity=&#8221;1&#8243; column_shadow=&#8221;none&#8221; column_border_radius=&#8221;none&#8221; column_link_target=&#8221;_self&#8221; gradient_direction=&#8221;left_to_right&#8221; overlay_strength=&#8221;0.3&#8243; width=&#8221;1\/1&#8243; tablet_width_inherit=&#8221;default&#8221; column_border_width=&#8221;none&#8221; column_border_style=&#8221;solid&#8221; bg_image_animation=&#8221;none&#8221;][vc_custom_heading text=&#8221;Relaterad teknik&#8221; font_container=&#8221;tag:h4|text_align:left|color:%23000000&#8243; use_theme_fonts=&#8221;yes&#8221;][nectar_btn size=&#8221;large&#8221; button_style=&#8221;see-through&#8221; button_color_2=&#8221;Accent-Color&#8221; icon_family=&#8221;default_arrow&#8221; el_class=&#8221;fullbutton&#8221; url=&#8221;\/sv\/automations-och-styrsystem&#8221; text=&#8221;Automations- och styrsystem&#8221; margin_top=&#8221;10&#8243; margin_right=&#8221;15&#8243; margin_bottom=&#8221;10&#8243;][nectar_btn size=&#8221;large&#8221; button_style=&#8221;see-through&#8221; button_color_2=&#8221;Accent-Color&#8221; icon_family=&#8221;default_arrow&#8221; el_class=&#8221;fullbutton&#8221; url=&#8221;\/sv\/frekvensomriktarsystem&#8221; text=&#8221;Frekvensomriktarsystem&#8221; margin_top=&#8221;10&#8243; margin_right=&#8221;15&#8243; margin_bottom=&#8221;10&#8243;][nectar_btn size=&#8221;large&#8221; button_style=&#8221;see-through&#8221; button_color_2=&#8221;Accent-Color&#8221; icon_family=&#8221;default_arrow&#8221; el_class=&#8221;fullbutton&#8221; url=&#8221;\/sv\/radiostyrningssystem&#8221; text=&#8221;Radiostyrningssystem&#8221; margin_top=&#8221;10&#8243; margin_right=&#8221;15&#8243; margin_bottom=&#8221;10&#8243;][\/vc_column_inner][\/vc_row_inner][\/vc_column][\/vc_row]\n","protected":false},"excerpt":{"rendered":"<p>[vc_row type=&#8221;full_width_background&#8221; full_screen_row_position=&#8221;middle&#8221; column_margin=&#8221;default&#8221; column_direction=&#8221;default&#8221; column_direction_tablet=&#8221;default&#8221; column_direction_phone=&#8221;default&#8221; bg_image=&#8221;167&#8243; bg_position=&#8221;center top&#8221; bg_repeat=&#8221;no-repeat&#8221; scene_position=&#8221;center&#8221; top_padding=&#8221;10%&#8221; bottom_padding=&#8221;10%&#8221; text_color=&#8221;dark&#8221; text_align=&#8221;left&#8221; row_border_radius=&#8221;none&#8221; row_border_radius_applies=&#8221;bg&#8221; enable_gradient=&#8221;true&#8221; color_overlay=&#8221;#000000&#8243; overlay_strength=&#8221;0.8&#8243; gradient_direction=&#8221;left_to_right&#8221; shape_divider_position=&#8221;bottom&#8221; bg_image_animation=&#8221;none&#8221; shape_type=&#8221;&#8221;][vc_column column_padding=&#8221;no-extra-padding&#8221; column_padding_tablet=&#8221;inherit&#8221; column_padding_phone=&#8221;inherit&#8221; column_padding_position=&#8221;all&#8221; background_color_opacity=&#8221;1&#8243;&#8230;<\/p>\n","protected":false},"author":1,"featured_media":0,"parent":0,"menu_order":0,"comment_status":"closed","ping_status":"closed","template":"","meta":{"footnotes":""},"class_list":["post-1330","page","type-page","status-publish"],"yoast_head":"<!-- This site is optimized with the Yoast SEO plugin v27.3 - https:\/\/yoast.com\/product\/yoast-seo-wordpress\/ -->\n<title>Processtyrning - StrongFlow<\/title>\n<meta name=\"description\" content=\"Information om processkontroller och StrongFlows kompetensomr\u00e5den.\" \/>\n<meta name=\"robots\" content=\"index, follow, max-snippet:-1, max-image-preview:large, max-video-preview:-1\" \/>\n<link rel=\"canonical\" href=\"https:\/\/strongflow.fi\/sv\/processtyrning\" \/>\n<meta property=\"og:locale\" content=\"sv_SE\" \/>\n<meta property=\"og:type\" content=\"article\" \/>\n<meta property=\"og:title\" content=\"Processtyrning - StrongFlow\" \/>\n<meta property=\"og:description\" content=\"Information om processkontroller och StrongFlows kompetensomr\u00e5den.\" \/>\n<meta property=\"og:url\" content=\"https:\/\/strongflow.fi\/sv\/processtyrning\" \/>\n<meta property=\"og:site_name\" content=\"StrongFlow\" \/>\n<meta property=\"article:modified_time\" content=\"2021-01-18T12:29:12+00:00\" \/>\n<meta name=\"twitter:card\" content=\"summary_large_image\" \/>\n<meta name=\"twitter:label1\" content=\"Ber\u00e4knad l\u00e4stid\" \/>\n\t<meta name=\"twitter:data1\" content=\"4 minuter\" \/>\n<script type=\"application\/ld+json\" class=\"yoast-schema-graph\">{\"@context\":\"https:\\\/\\\/schema.org\",\"@graph\":[{\"@type\":[\"WebPage\",\"AboutPage\"],\"@id\":\"https:\\\/\\\/strongflow.fi\\\/sv\\\/processtyrning\",\"url\":\"https:\\\/\\\/strongflow.fi\\\/sv\\\/processtyrning\",\"name\":\"Processtyrning - StrongFlow\",\"isPartOf\":{\"@id\":\"https:\\\/\\\/strongflow.fi\\\/#website\"},\"datePublished\":\"2020-04-08T12:05:40+00:00\",\"dateModified\":\"2021-01-18T12:29:12+00:00\",\"description\":\"Information om processkontroller och StrongFlows kompetensomr\u00e5den.\",\"breadcrumb\":{\"@id\":\"https:\\\/\\\/strongflow.fi\\\/sv\\\/processtyrning#breadcrumb\"},\"inLanguage\":\"sv-SE\",\"potentialAction\":[{\"@type\":\"ReadAction\",\"target\":[\"https:\\\/\\\/strongflow.fi\\\/sv\\\/processtyrning\"]}]},{\"@type\":\"BreadcrumbList\",\"@id\":\"https:\\\/\\\/strongflow.fi\\\/sv\\\/processtyrning#breadcrumb\",\"itemListElement\":[{\"@type\":\"ListItem\",\"position\":1,\"name\":\"Etusivu\",\"item\":\"https:\\\/\\\/strongflow.fi\\\/sv\"},{\"@type\":\"ListItem\",\"position\":2,\"name\":\"Processtyrning\"}]},{\"@type\":\"WebSite\",\"@id\":\"https:\\\/\\\/strongflow.fi\\\/#website\",\"url\":\"https:\\\/\\\/strongflow.fi\\\/\",\"name\":\"StrongFlow\",\"description\":\"Vedenk&auml;sittelyj&auml;rjestelm&auml;t ja teollisuusautomaatio\",\"publisher\":{\"@id\":\"https:\\\/\\\/strongflow.fi\\\/#organization\"},\"potentialAction\":[{\"@type\":\"SearchAction\",\"target\":{\"@type\":\"EntryPoint\",\"urlTemplate\":\"https:\\\/\\\/strongflow.fi\\\/?s={search_term_string}\"},\"query-input\":{\"@type\":\"PropertyValueSpecification\",\"valueRequired\":true,\"valueName\":\"search_term_string\"}}],\"inLanguage\":\"sv-SE\"},{\"@type\":\"Organization\",\"@id\":\"https:\\\/\\\/strongflow.fi\\\/#organization\",\"name\":\"StrongFlow Oy\",\"url\":\"https:\\\/\\\/strongflow.fi\\\/\",\"logo\":{\"@type\":\"ImageObject\",\"inLanguage\":\"sv-SE\",\"@id\":\"https:\\\/\\\/strongflow.fi\\\/#\\\/schema\\\/logo\\\/image\\\/\",\"url\":\"https:\\\/\\\/i0.wp.com\\\/strongflow.fi\\\/wp-content\\\/uploads\\\/2020\\\/03\\\/StrongFlow_logo_1000.png?fit=1000%2C627&ssl=1\",\"contentUrl\":\"https:\\\/\\\/i0.wp.com\\\/strongflow.fi\\\/wp-content\\\/uploads\\\/2020\\\/03\\\/StrongFlow_logo_1000.png?fit=1000%2C627&ssl=1\",\"width\":1000,\"height\":627,\"caption\":\"StrongFlow Oy\"},\"image\":{\"@id\":\"https:\\\/\\\/strongflow.fi\\\/#\\\/schema\\\/logo\\\/image\\\/\"},\"sameAs\":[\"https:\\\/\\\/fi.linkedin.com\\\/company\\\/strongflow\"]}]}<\/script>\n<!-- \/ Yoast SEO plugin. -->","yoast_head_json":{"title":"Processtyrning - StrongFlow","description":"Information om processkontroller och StrongFlows kompetensomr\u00e5den.","robots":{"index":"index","follow":"follow","max-snippet":"max-snippet:-1","max-image-preview":"max-image-preview:large","max-video-preview":"max-video-preview:-1"},"canonical":"https:\/\/strongflow.fi\/sv\/processtyrning","og_locale":"sv_SE","og_type":"article","og_title":"Processtyrning - StrongFlow","og_description":"Information om processkontroller och StrongFlows kompetensomr\u00e5den.","og_url":"https:\/\/strongflow.fi\/sv\/processtyrning","og_site_name":"StrongFlow","article_modified_time":"2021-01-18T12:29:12+00:00","twitter_card":"summary_large_image","twitter_misc":{"Ber\u00e4knad l\u00e4stid":"4 minuter"},"schema":{"@context":"https:\/\/schema.org","@graph":[{"@type":["WebPage","AboutPage"],"@id":"https:\/\/strongflow.fi\/sv\/processtyrning","url":"https:\/\/strongflow.fi\/sv\/processtyrning","name":"Processtyrning - StrongFlow","isPartOf":{"@id":"https:\/\/strongflow.fi\/#website"},"datePublished":"2020-04-08T12:05:40+00:00","dateModified":"2021-01-18T12:29:12+00:00","description":"Information om processkontroller och StrongFlows kompetensomr\u00e5den.","breadcrumb":{"@id":"https:\/\/strongflow.fi\/sv\/processtyrning#breadcrumb"},"inLanguage":"sv-SE","potentialAction":[{"@type":"ReadAction","target":["https:\/\/strongflow.fi\/sv\/processtyrning"]}]},{"@type":"BreadcrumbList","@id":"https:\/\/strongflow.fi\/sv\/processtyrning#breadcrumb","itemListElement":[{"@type":"ListItem","position":1,"name":"Etusivu","item":"https:\/\/strongflow.fi\/sv"},{"@type":"ListItem","position":2,"name":"Processtyrning"}]},{"@type":"WebSite","@id":"https:\/\/strongflow.fi\/#website","url":"https:\/\/strongflow.fi\/","name":"StrongFlow","description":"Vedenk&auml;sittelyj&auml;rjestelm&auml;t ja teollisuusautomaatio","publisher":{"@id":"https:\/\/strongflow.fi\/#organization"},"potentialAction":[{"@type":"SearchAction","target":{"@type":"EntryPoint","urlTemplate":"https:\/\/strongflow.fi\/?s={search_term_string}"},"query-input":{"@type":"PropertyValueSpecification","valueRequired":true,"valueName":"search_term_string"}}],"inLanguage":"sv-SE"},{"@type":"Organization","@id":"https:\/\/strongflow.fi\/#organization","name":"StrongFlow Oy","url":"https:\/\/strongflow.fi\/","logo":{"@type":"ImageObject","inLanguage":"sv-SE","@id":"https:\/\/strongflow.fi\/#\/schema\/logo\/image\/","url":"https:\/\/i0.wp.com\/strongflow.fi\/wp-content\/uploads\/2020\/03\/StrongFlow_logo_1000.png?fit=1000%2C627&ssl=1","contentUrl":"https:\/\/i0.wp.com\/strongflow.fi\/wp-content\/uploads\/2020\/03\/StrongFlow_logo_1000.png?fit=1000%2C627&ssl=1","width":1000,"height":627,"caption":"StrongFlow Oy"},"image":{"@id":"https:\/\/strongflow.fi\/#\/schema\/logo\/image\/"},"sameAs":["https:\/\/fi.linkedin.com\/company\/strongflow"]}]}},"jetpack_sharing_enabled":true,"_links":{"self":[{"href":"https:\/\/strongflow.fi\/sv\/wp-json\/wp\/v2\/pages\/1330","targetHints":{"allow":["GET"]}}],"collection":[{"href":"https:\/\/strongflow.fi\/sv\/wp-json\/wp\/v2\/pages"}],"about":[{"href":"https:\/\/strongflow.fi\/sv\/wp-json\/wp\/v2\/types\/page"}],"author":[{"embeddable":true,"href":"https:\/\/strongflow.fi\/sv\/wp-json\/wp\/v2\/users\/1"}],"replies":[{"embeddable":true,"href":"https:\/\/strongflow.fi\/sv\/wp-json\/wp\/v2\/comments?post=1330"}],"version-history":[{"count":5,"href":"https:\/\/strongflow.fi\/sv\/wp-json\/wp\/v2\/pages\/1330\/revisions"}],"predecessor-version":[{"id":1879,"href":"https:\/\/strongflow.fi\/sv\/wp-json\/wp\/v2\/pages\/1330\/revisions\/1879"}],"wp:attachment":[{"href":"https:\/\/strongflow.fi\/sv\/wp-json\/wp\/v2\/media?parent=1330"}],"curies":[{"name":"wp","href":"https:\/\/api.w.org\/{rel}","templated":true}]}}