{"id":1390,"date":"2020-03-26T13:19:05","date_gmt":"2020-03-26T11:19:05","guid":{"rendered":"https:\/\/strongflow.fi\/ioninvaihto-ja-vedenpehmennys"},"modified":"2021-01-13T11:34:43","modified_gmt":"2021-01-13T09:34:43","slug":"ioonvahetus-ja-vee-pehmendamine","status":"publish","type":"page","link":"https:\/\/strongflow.fi\/et\/ioonvahetus-ja-vee-pehmendamine","title":{"rendered":"Ioonvahetus ja vee pehmendamine"},"content":{"rendered":"[vc_row type=&#8221;full_width_background&#8221; full_screen_row_position=&#8221;middle&#8221; column_margin=&#8221;default&#8221; column_direction=&#8221;default&#8221; column_direction_tablet=&#8221;default&#8221; column_direction_phone=&#8221;default&#8221; bg_image=&#8221;253&#8243; bg_position=&#8221;center top&#8221; bg_repeat=&#8221;no-repeat&#8221; scene_position=&#8221;center&#8221; top_padding=&#8221;10%&#8221; bottom_padding=&#8221;10%&#8221; text_color=&#8221;dark&#8221; text_align=&#8221;left&#8221; row_border_radius=&#8221;none&#8221; row_border_radius_applies=&#8221;bg&#8221; enable_gradient=&#8221;true&#8221; color_overlay=&#8221;#000000&#8243; overlay_strength=&#8221;0.8&#8243; gradient_direction=&#8221;left_to_right&#8221; shape_divider_position=&#8221;bottom&#8221; bg_image_animation=&#8221;none&#8221; shape_type=&#8221;&#8221;][vc_column column_padding=&#8221;no-extra-padding&#8221; column_padding_tablet=&#8221;inherit&#8221; column_padding_phone=&#8221;inherit&#8221; column_padding_position=&#8221;all&#8221; background_color_opacity=&#8221;1&#8243; background_hover_color_opacity=&#8221;1&#8243; column_shadow=&#8221;none&#8221; column_border_radius=&#8221;none&#8221; column_link_target=&#8221;_self&#8221; gradient_direction=&#8221;left_to_right&#8221; overlay_strength=&#8221;0.3&#8243; width=&#8221;1\/1&#8243; tablet_width_inherit=&#8221;default&#8221; tablet_text_alignment=&#8221;default&#8221; phone_text_alignment=&#8221;default&#8221; column_border_width=&#8221;none&#8221; column_border_style=&#8221;solid&#8221; bg_image_animation=&#8221;none&#8221;][vc_custom_heading text=&#8221;Ioonvahetus ja vee pehmendamine&#8221; font_container=&#8221;tag:h1|text_align:left|color:%23ffffff&#8221; use_theme_fonts=&#8221;yes&#8221;][\/vc_column][\/vc_row][vc_row type=&#8221;full_width_content&#8221; full_screen_row_position=&#8221;middle&#8221; column_margin=&#8221;default&#8221; equal_height=&#8221;yes&#8221; content_placement=&#8221;top&#8221; column_direction=&#8221;default&#8221; column_direction_tablet=&#8221;default&#8221; column_direction_phone=&#8221;default&#8221; scene_position=&#8221;center&#8221; bottom_padding=&#8221;0&#8243; text_color=&#8221;dark&#8221; text_align=&#8221;left&#8221; row_border_radius=&#8221;none&#8221; row_border_radius_applies=&#8221;bg&#8221; overlay_strength=&#8221;0.3&#8243; gradient_direction=&#8221;left_to_right&#8221; shape_divider_position=&#8221;bottom&#8221; bg_image_animation=&#8221;none&#8221; shape_type=&#8221;&#8221;][vc_column column_padding=&#8221;padding-10-percent&#8221; column_padding_tablet=&#8221;inherit&#8221; column_padding_phone=&#8221;inherit&#8221; column_padding_position=&#8221;all&#8221; background_color_opacity=&#8221;1&#8243; background_hover_color_opacity=&#8221;1&#8243; column_shadow=&#8221;none&#8221; column_border_radius=&#8221;none&#8221; column_link_target=&#8221;_self&#8221; gradient_direction=&#8221;left_to_right&#8221; overlay_strength=&#8221;0.3&#8243; width=&#8221;2\/3&#8243; tablet_width_inherit=&#8221;default&#8221; tablet_text_alignment=&#8221;default&#8221; phone_text_alignment=&#8221;default&#8221; column_border_width=&#8221;none&#8221; column_border_style=&#8221;solid&#8221; bg_image_animation=&#8221;none&#8221;][vc_column_text]Ioonvahetusel vahetatakse vees olevad ioonid, anioonid v\u00f5i katioonid ioonvahetusmassi anioonide v\u00f5i katioonide vastu. T\u00fc\u00fcpiliste veest eemaldatavate ioonide hulka kuuluvad mitmesugused k\u00f5vadussoolad nagu n\u00e4iteks magneesium ja kaltsium. Sel juhul r\u00e4\u00e4gime veepehmenditest. T\u00e4ielik magestamine saavutatakse segatud ioonvahetusmassi kasutades.<\/p>\n<p>Veepehmendeid kasutatakse, nagu nimigi \u00fctleb, kareda vee pehmendamiseks. Vee karedus m\u00e4\u00e4ratakse tavaliselt vees olevate magneesiumi- ja kaltsiumisoolade koguse j\u00e4rgi. Vee pehmendamine on vajalik n\u00e4iteks soojuse\/energia ja auru tootmisel, pesumajades ja muudes protsessides, kus k\u00f5vadussoolade sadestumine (katlakivi\/scaling) ja muud m\u00f5jud tekitavad probleeme. Veepehmendi regenereerimine toimub soolalahusega (seadmetega \u00fchendatud soolapaaki lisatakse perioodiliselt\/vastavalt tarbimisele soola).<\/p>\n<p><strong>Seadmed<\/strong><\/p>\n<p>Ioonvahetuseks ja vee pehmendamiseks kasutatavad seadmed koosnevad tavaliselt filterpaakidest, nende sees olevast ioonvahetusmassist, ventiilidest, torustikest ja soolapaagist. Seadmed ei vaja tavaliselt eraldi pumpa, sest filtrid t\u00f6\u00f6tavad v\u00f5rgur\u00f5hul. Filtreerimisel kasutatav mass on tavaliselt pol\u00fcmeervaik. Seadmete ventiile\/juhtimist saab teostada (s\u00f5ltuvalt soovitud v\u00f5imsusest) kas vee filtreerimiseks m\u00f5eldud valmis automaatfiltritega (tuntud kaubam\u00e4rgid, sealhulgas Autotrol, Fleck, Clack jne), veefiltreerimisventiilidega ja eraldi juhtimisloogikaga v\u00f5i \u00fcksikventiilide ja eraldi juhtimisloogikaga. Veepehmendi j\u00f5udluse s\u00e4ilitamine n\u00f5uab perioodilist regenereerimist, mille k\u00e4igus filtermass regenereeritakse soolalahusega ja pestakse tagasi. Kui protsessi veevajadus on pidev (vett on vaja ka regenereerimise ajal), lisatakse seadmetesse kaks v\u00f5i enam filterpaaki (kui \u00fcks paak on regenereerimisre\u017eiimis, filtreerivad teised paagid vett tavalisel moel).<\/p>\n<p><strong>M\u00f5\u00f5tmete m\u00e4\u00e4ramine<\/strong><\/p>\n<p>Veet\u00f6\u00f6tlusseadmete m\u00f5\u00f5tmete m\u00e4\u00e4ramise ja projekteerimise jaoks on vaja toorveeanal\u00fc\u00fcsi, teavet seadmete vajaliku v\u00f5imsuse\/j\u00f5udluse ning soovitud veekvaliteedi ja\/v\u00f5i seadmete kasutamise kohta. Kasulikuks teabeks on ka v\u00f5imaliku olemasoleva seadmeruumi suurus ja lisateave juurdep\u00e4\u00e4setava \u00e4ravoolus\u00fcsteemi kohta.[\/vc_column_text][vc_row_inner column_margin=&#8221;default&#8221; column_direction=&#8221;default&#8221; column_direction_tablet=&#8221;default&#8221; column_direction_phone=&#8221;default&#8221; top_padding=&#8221;5%&#8221; text_align=&#8221;left&#8221;][vc_column_inner column_padding=&#8221;no-extra-padding&#8221; column_padding_tablet=&#8221;inherit&#8221; column_padding_phone=&#8221;inherit&#8221; column_padding_position=&#8221;all&#8221; background_color_opacity=&#8221;1&#8243; background_hover_color_opacity=&#8221;1&#8243; column_shadow=&#8221;none&#8221; column_border_radius=&#8221;none&#8221; column_link_target=&#8221;_self&#8221; gradient_direction=&#8221;left_to_right&#8221; overlay_strength=&#8221;0.3&#8243; width=&#8221;1\/1&#8243; tablet_width_inherit=&#8221;default&#8221; column_border_width=&#8221;none&#8221; column_border_style=&#8221;solid&#8221; bg_image_animation=&#8221;none&#8221;][image_with_animation image_url=&#8221;680&#8243; animation=&#8221;None&#8221; hover_animation=&#8221;none&#8221; alignment=&#8221;&#8221; img_link_large=&#8221;yes&#8221; border_radius=&#8221;3px&#8221; box_shadow=&#8221;none&#8221; image_loading=&#8221;default&#8221; max_width=&#8221;100%&#8221; max_width_mobile=&#8221;default&#8221;][\/vc_column_inner][\/vc_row_inner][vc_row_inner column_margin=&#8221;default&#8221; column_direction=&#8221;default&#8221; column_direction_tablet=&#8221;default&#8221; column_direction_phone=&#8221;default&#8221; top_padding=&#8221;5%&#8221; text_align=&#8221;left&#8221;][vc_column_inner column_padding=&#8221;no-extra-padding&#8221; column_padding_tablet=&#8221;inherit&#8221; column_padding_phone=&#8221;inherit&#8221; column_padding_position=&#8221;all&#8221; background_color_opacity=&#8221;1&#8243; background_hover_color_opacity=&#8221;1&#8243; column_shadow=&#8221;none&#8221; column_border_radius=&#8221;none&#8221; column_link_target=&#8221;_self&#8221; gradient_direction=&#8221;left_to_right&#8221; overlay_strength=&#8221;0.3&#8243; width=&#8221;1\/1&#8243; tablet_width_inherit=&#8221;default&#8221; column_border_width=&#8221;none&#8221; column_border_style=&#8221;solid&#8221; bg_image_animation=&#8221;none&#8221;][image_with_animation image_url=&#8221;681&#8243; animation=&#8221;None&#8221; hover_animation=&#8221;none&#8221; alignment=&#8221;&#8221; img_link_large=&#8221;yes&#8221; border_radius=&#8221;3px&#8221; box_shadow=&#8221;none&#8221; image_loading=&#8221;default&#8221; max_width=&#8221;100%&#8221; max_width_mobile=&#8221;default&#8221;][\/vc_column_inner][\/vc_row_inner][\/vc_column][vc_column column_padding=&#8221;padding-10-percent&#8221; column_padding_tablet=&#8221;inherit&#8221; column_padding_phone=&#8221;inherit&#8221; column_padding_position=&#8221;top-bottom&#8221; background_color=&#8221;#f7f7f7&#8243; background_color_opacity=&#8221;1&#8243; background_hover_color_opacity=&#8221;1&#8243; column_shadow=&#8221;none&#8221; column_border_radius=&#8221;none&#8221; column_link_target=&#8221;_self&#8221; gradient_direction=&#8221;left_to_right&#8221; overlay_strength=&#8221;0.3&#8243; width=&#8221;1\/3&#8243; tablet_width_inherit=&#8221;default&#8221; tablet_text_alignment=&#8221;default&#8221; phone_text_alignment=&#8221;default&#8221; column_border_width=&#8221;none&#8221; column_border_style=&#8221;solid&#8221; bg_image_animation=&#8221;none&#8221;][vc_row_inner column_margin=&#8221;default&#8221; column_direction=&#8221;default&#8221; column_direction_tablet=&#8221;default&#8221; column_direction_phone=&#8221;default&#8221; text_align=&#8221;left&#8221;][vc_column_inner column_padding=&#8221;padding-10-percent&#8221; column_padding_tablet=&#8221;inherit&#8221; column_padding_phone=&#8221;inherit&#8221; column_padding_position=&#8221;left-right&#8221; background_color_opacity=&#8221;1&#8243; background_hover_color_opacity=&#8221;1&#8243; column_shadow=&#8221;none&#8221; column_border_radius=&#8221;none&#8221; column_link_target=&#8221;_self&#8221; gradient_direction=&#8221;left_to_right&#8221; overlay_strength=&#8221;0.3&#8243; width=&#8221;1\/1&#8243; tablet_width_inherit=&#8221;default&#8221; column_border_width=&#8221;none&#8221; column_border_style=&#8221;solid&#8221; bg_image_animation=&#8221;none&#8221;][vc_custom_heading text=&#8221;Seotud s\u00fcsteemid&#8221; font_container=&#8221;tag:h4|text_align:left|color:%23000000&#8243; use_theme_fonts=&#8221;yes&#8221;][nectar_btn size=&#8221;large&#8221; button_style=&#8221;see-through&#8221; button_color_2=&#8221;Extra-Color-1&#8243; icon_family=&#8221;default_arrow&#8221; el_class=&#8221;fullbutton&#8221; url=&#8221;\/et\/toostuslik-vee-pehmendamine&#8221; text=&#8221;T\u00f6\u00f6stuslik vee pehmendamine&#8221; margin_top=&#8221;30&#8243; margin_right=&#8221;15&#8243; margin_bottom=&#8221;10&#8243;][nectar_btn size=&#8221;large&#8221; button_style=&#8221;see-through&#8221; button_color_2=&#8221;Extra-Color-1&#8243; icon_family=&#8221;default_arrow&#8221; el_class=&#8221;fullbutton&#8221; url=&#8221;\/et\/poordosmoosisusteemid&#8221; text=&#8221;P\u00f6\u00f6rdosmoosis\u00fcsteemid&#8221; margin_top=&#8221;10&#8243; margin_right=&#8221;15&#8243; margin_bottom=&#8221;10&#8243;][nectar_btn size=&#8221;large&#8221; button_style=&#8221;see-through&#8221; button_color_2=&#8221;Extra-Color-1&#8243; icon_family=&#8221;default_arrow&#8221; el_class=&#8221;fullbutton&#8221; url=&#8221;\/et\/deioniseeritud-vee-tootmise-susteemid&#8221; text=&#8221;Deioniseeritud (DI) ja \u00fclipuhta vee tootmise s\u00fcsteemid&#8221; margin_top=&#8221;10&#8243; margin_right=&#8221;15&#8243; margin_bottom=&#8221;10&#8243;][\/vc_column_inner][\/vc_row_inner][vc_row_inner column_margin=&#8221;default&#8221; column_direction=&#8221;default&#8221; column_direction_tablet=&#8221;default&#8221; column_direction_phone=&#8221;default&#8221; top_padding=&#8221;5%&#8221; text_align=&#8221;left&#8221;][vc_column_inner column_padding=&#8221;padding-10-percent&#8221; column_padding_tablet=&#8221;inherit&#8221; column_padding_phone=&#8221;inherit&#8221; column_padding_position=&#8221;left-right&#8221; background_color_opacity=&#8221;1&#8243; background_hover_color_opacity=&#8221;1&#8243; column_shadow=&#8221;none&#8221; column_border_radius=&#8221;none&#8221; column_link_target=&#8221;_self&#8221; gradient_direction=&#8221;left_to_right&#8221; overlay_strength=&#8221;0.3&#8243; width=&#8221;1\/1&#8243; tablet_width_inherit=&#8221;default&#8221; column_border_width=&#8221;none&#8221; column_border_style=&#8221;solid&#8221; bg_image_animation=&#8221;none&#8221;][vc_custom_heading text=&#8221;Seotud tooted&#8221; font_container=&#8221;tag:h4|text_align:left|color:%23000000&#8243; use_theme_fonts=&#8221;yes&#8221;][nectar_btn size=&#8221;large&#8221; button_style=&#8221;see-through&#8221; button_color_2=&#8221;Extra-Color-1&#8243; icon_family=&#8221;default_arrow&#8221; el_class=&#8221;fullbutton&#8221; url=&#8221;\/et\/veepehmendid&#8221; text=&#8221;Veepehmendid&#8221; margin_top=&#8221;30&#8243; margin_right=&#8221;15&#8243; margin_bottom=&#8221;10&#8243;][\/vc_column_inner][\/vc_row_inner][\/vc_column][\/vc_row]\n","protected":false},"excerpt":{"rendered":"<p>[vc_row type=&#8221;full_width_background&#8221; full_screen_row_position=&#8221;middle&#8221; column_margin=&#8221;default&#8221; column_direction=&#8221;default&#8221; column_direction_tablet=&#8221;default&#8221; column_direction_phone=&#8221;default&#8221; bg_image=&#8221;253&#8243; bg_position=&#8221;center top&#8221; bg_repeat=&#8221;no-repeat&#8221; scene_position=&#8221;center&#8221; top_padding=&#8221;10%&#8221; bottom_padding=&#8221;10%&#8221; text_color=&#8221;dark&#8221; text_align=&#8221;left&#8221; row_border_radius=&#8221;none&#8221; row_border_radius_applies=&#8221;bg&#8221; enable_gradient=&#8221;true&#8221; color_overlay=&#8221;#000000&#8243; overlay_strength=&#8221;0.8&#8243; gradient_direction=&#8221;left_to_right&#8221; shape_divider_position=&#8221;bottom&#8221; bg_image_animation=&#8221;none&#8221; shape_type=&#8221;&#8221;][vc_column column_padding=&#8221;no-extra-padding&#8221; column_padding_tablet=&#8221;inherit&#8221; column_padding_phone=&#8221;inherit&#8221; column_padding_position=&#8221;all&#8221; background_color_opacity=&#8221;1&#8243;&#8230;<\/p>\n","protected":false},"author":1,"featured_media":0,"parent":0,"menu_order":0,"comment_status":"closed","ping_status":"closed","template":"","meta":{"footnotes":""},"class_list":["post-1390","page","type-page","status-publish"],"yoast_head":"<!-- This site is optimized with the Yoast SEO plugin v27.4 - https:\/\/yoast.com\/product\/yoast-seo-wordpress\/ -->\n<title>Ioonvahetus ja vee pehmendamine - StrongFlow<\/title>\n<meta name=\"description\" content=\"Teave ioonivahetuse ja vee pehmendamise, seadmete t\u00fc\u00fcpilise komplekteerimise ja projekteerimiskriteeriumide kohta.\" \/>\n<meta name=\"robots\" content=\"index, follow, max-snippet:-1, max-image-preview:large, max-video-preview:-1\" \/>\n<link rel=\"canonical\" href=\"https:\/\/strongflow.fi\/et\/ioonvahetus-ja-vee-pehmendamine\" \/>\n<meta property=\"og:locale\" content=\"et_EE\" \/>\n<meta property=\"og:type\" content=\"article\" \/>\n<meta property=\"og:title\" content=\"Ioonvahetus ja vee pehmendamine - StrongFlow\" \/>\n<meta property=\"og:description\" content=\"Teave ioonivahetuse ja vee pehmendamise, seadmete t\u00fc\u00fcpilise komplekteerimise ja projekteerimiskriteeriumide kohta.\" \/>\n<meta property=\"og:url\" content=\"https:\/\/strongflow.fi\/et\/ioonvahetus-ja-vee-pehmendamine\" \/>\n<meta property=\"og:site_name\" content=\"StrongFlow\" \/>\n<meta property=\"article:modified_time\" content=\"2021-01-13T09:34:43+00:00\" \/>\n<meta name=\"twitter:card\" content=\"summary_large_image\" \/>\n<meta name=\"twitter:label1\" content=\"Est. reading time\" \/>\n\t<meta name=\"twitter:data1\" content=\"6 minutit\" \/>\n<script type=\"application\/ld+json\" class=\"yoast-schema-graph\">{\"@context\":\"https:\\\/\\\/schema.org\",\"@graph\":[{\"@type\":[\"WebPage\",\"AboutPage\"],\"@id\":\"https:\\\/\\\/strongflow.fi\\\/et\\\/ioonvahetus-ja-vee-pehmendamine\",\"url\":\"https:\\\/\\\/strongflow.fi\\\/et\\\/ioonvahetus-ja-vee-pehmendamine\",\"name\":\"Ioonvahetus ja vee pehmendamine - StrongFlow\",\"isPartOf\":{\"@id\":\"https:\\\/\\\/strongflow.fi\\\/#website\"},\"datePublished\":\"2020-03-26T11:19:05+00:00\",\"dateModified\":\"2021-01-13T09:34:43+00:00\",\"description\":\"Teave ioonivahetuse ja vee pehmendamise, seadmete t\u00fc\u00fcpilise komplekteerimise ja projekteerimiskriteeriumide kohta.\",\"breadcrumb\":{\"@id\":\"https:\\\/\\\/strongflow.fi\\\/et\\\/ioonvahetus-ja-vee-pehmendamine#breadcrumb\"},\"inLanguage\":\"et\",\"potentialAction\":[{\"@type\":\"ReadAction\",\"target\":[\"https:\\\/\\\/strongflow.fi\\\/et\\\/ioonvahetus-ja-vee-pehmendamine\"]}]},{\"@type\":\"BreadcrumbList\",\"@id\":\"https:\\\/\\\/strongflow.fi\\\/et\\\/ioonvahetus-ja-vee-pehmendamine#breadcrumb\",\"itemListElement\":[{\"@type\":\"ListItem\",\"position\":1,\"name\":\"Etusivu\",\"item\":\"https:\\\/\\\/strongflow.fi\\\/et\"},{\"@type\":\"ListItem\",\"position\":2,\"name\":\"Ioonvahetus ja vee pehmendamine\"}]},{\"@type\":\"WebSite\",\"@id\":\"https:\\\/\\\/strongflow.fi\\\/#website\",\"url\":\"https:\\\/\\\/strongflow.fi\\\/\",\"name\":\"StrongFlow\",\"description\":\"Vedenk&auml;sittelyj&auml;rjestelm&auml;t ja teollisuusautomaatio\",\"publisher\":{\"@id\":\"https:\\\/\\\/strongflow.fi\\\/#organization\"},\"potentialAction\":[{\"@type\":\"SearchAction\",\"target\":{\"@type\":\"EntryPoint\",\"urlTemplate\":\"https:\\\/\\\/strongflow.fi\\\/?s={search_term_string}\"},\"query-input\":{\"@type\":\"PropertyValueSpecification\",\"valueRequired\":true,\"valueName\":\"search_term_string\"}}],\"inLanguage\":\"et\"},{\"@type\":\"Organization\",\"@id\":\"https:\\\/\\\/strongflow.fi\\\/#organization\",\"name\":\"StrongFlow Oy\",\"url\":\"https:\\\/\\\/strongflow.fi\\\/\",\"logo\":{\"@type\":\"ImageObject\",\"inLanguage\":\"et\",\"@id\":\"https:\\\/\\\/strongflow.fi\\\/#\\\/schema\\\/logo\\\/image\\\/\",\"url\":\"https:\\\/\\\/i0.wp.com\\\/strongflow.fi\\\/wp-content\\\/uploads\\\/2020\\\/03\\\/StrongFlow_logo_1000.png?fit=1000%2C627&ssl=1\",\"contentUrl\":\"https:\\\/\\\/i0.wp.com\\\/strongflow.fi\\\/wp-content\\\/uploads\\\/2020\\\/03\\\/StrongFlow_logo_1000.png?fit=1000%2C627&ssl=1\",\"width\":1000,\"height\":627,\"caption\":\"StrongFlow Oy\"},\"image\":{\"@id\":\"https:\\\/\\\/strongflow.fi\\\/#\\\/schema\\\/logo\\\/image\\\/\"},\"sameAs\":[\"https:\\\/\\\/fi.linkedin.com\\\/company\\\/strongflow\"]}]}<\/script>\n<!-- \/ Yoast SEO plugin. -->","yoast_head_json":{"title":"Ioonvahetus ja vee pehmendamine - StrongFlow","description":"Teave ioonivahetuse ja vee pehmendamise, seadmete t\u00fc\u00fcpilise komplekteerimise ja projekteerimiskriteeriumide kohta.","robots":{"index":"index","follow":"follow","max-snippet":"max-snippet:-1","max-image-preview":"max-image-preview:large","max-video-preview":"max-video-preview:-1"},"canonical":"https:\/\/strongflow.fi\/et\/ioonvahetus-ja-vee-pehmendamine","og_locale":"et_EE","og_type":"article","og_title":"Ioonvahetus ja vee pehmendamine - StrongFlow","og_description":"Teave ioonivahetuse ja vee pehmendamise, seadmete t\u00fc\u00fcpilise komplekteerimise ja projekteerimiskriteeriumide kohta.","og_url":"https:\/\/strongflow.fi\/et\/ioonvahetus-ja-vee-pehmendamine","og_site_name":"StrongFlow","article_modified_time":"2021-01-13T09:34:43+00:00","twitter_card":"summary_large_image","twitter_misc":{"Est. reading time":"6 minutit"},"schema":{"@context":"https:\/\/schema.org","@graph":[{"@type":["WebPage","AboutPage"],"@id":"https:\/\/strongflow.fi\/et\/ioonvahetus-ja-vee-pehmendamine","url":"https:\/\/strongflow.fi\/et\/ioonvahetus-ja-vee-pehmendamine","name":"Ioonvahetus ja vee pehmendamine - StrongFlow","isPartOf":{"@id":"https:\/\/strongflow.fi\/#website"},"datePublished":"2020-03-26T11:19:05+00:00","dateModified":"2021-01-13T09:34:43+00:00","description":"Teave ioonivahetuse ja vee pehmendamise, seadmete t\u00fc\u00fcpilise komplekteerimise ja projekteerimiskriteeriumide kohta.","breadcrumb":{"@id":"https:\/\/strongflow.fi\/et\/ioonvahetus-ja-vee-pehmendamine#breadcrumb"},"inLanguage":"et","potentialAction":[{"@type":"ReadAction","target":["https:\/\/strongflow.fi\/et\/ioonvahetus-ja-vee-pehmendamine"]}]},{"@type":"BreadcrumbList","@id":"https:\/\/strongflow.fi\/et\/ioonvahetus-ja-vee-pehmendamine#breadcrumb","itemListElement":[{"@type":"ListItem","position":1,"name":"Etusivu","item":"https:\/\/strongflow.fi\/et"},{"@type":"ListItem","position":2,"name":"Ioonvahetus ja vee pehmendamine"}]},{"@type":"WebSite","@id":"https:\/\/strongflow.fi\/#website","url":"https:\/\/strongflow.fi\/","name":"StrongFlow","description":"Vedenk&auml;sittelyj&auml;rjestelm&auml;t ja teollisuusautomaatio","publisher":{"@id":"https:\/\/strongflow.fi\/#organization"},"potentialAction":[{"@type":"SearchAction","target":{"@type":"EntryPoint","urlTemplate":"https:\/\/strongflow.fi\/?s={search_term_string}"},"query-input":{"@type":"PropertyValueSpecification","valueRequired":true,"valueName":"search_term_string"}}],"inLanguage":"et"},{"@type":"Organization","@id":"https:\/\/strongflow.fi\/#organization","name":"StrongFlow Oy","url":"https:\/\/strongflow.fi\/","logo":{"@type":"ImageObject","inLanguage":"et","@id":"https:\/\/strongflow.fi\/#\/schema\/logo\/image\/","url":"https:\/\/i0.wp.com\/strongflow.fi\/wp-content\/uploads\/2020\/03\/StrongFlow_logo_1000.png?fit=1000%2C627&ssl=1","contentUrl":"https:\/\/i0.wp.com\/strongflow.fi\/wp-content\/uploads\/2020\/03\/StrongFlow_logo_1000.png?fit=1000%2C627&ssl=1","width":1000,"height":627,"caption":"StrongFlow Oy"},"image":{"@id":"https:\/\/strongflow.fi\/#\/schema\/logo\/image\/"},"sameAs":["https:\/\/fi.linkedin.com\/company\/strongflow"]}]}},"jetpack_sharing_enabled":true,"_links":{"self":[{"href":"https:\/\/strongflow.fi\/et\/wp-json\/wp\/v2\/pages\/1390","targetHints":{"allow":["GET"]}}],"collection":[{"href":"https:\/\/strongflow.fi\/et\/wp-json\/wp\/v2\/pages"}],"about":[{"href":"https:\/\/strongflow.fi\/et\/wp-json\/wp\/v2\/types\/page"}],"author":[{"embeddable":true,"href":"https:\/\/strongflow.fi\/et\/wp-json\/wp\/v2\/users\/1"}],"replies":[{"embeddable":true,"href":"https:\/\/strongflow.fi\/et\/wp-json\/wp\/v2\/comments?post=1390"}],"version-history":[{"count":5,"href":"https:\/\/strongflow.fi\/et\/wp-json\/wp\/v2\/pages\/1390\/revisions"}],"predecessor-version":[{"id":1551,"href":"https:\/\/strongflow.fi\/et\/wp-json\/wp\/v2\/pages\/1390\/revisions\/1551"}],"wp:attachment":[{"href":"https:\/\/strongflow.fi\/et\/wp-json\/wp\/v2\/media?parent=1390"}],"curies":[{"name":"wp","href":"https:\/\/api.w.org\/{rel}","templated":true}]}}