{"id":1382,"date":"2020-03-26T13:27:15","date_gmt":"2020-03-26T11:27:15","guid":{"rendered":"https:\/\/strongflow.fi\/elektrodeionisaatio"},"modified":"2022-03-23T13:52:46","modified_gmt":"2022-03-23T11:52:46","slug":"elektrodeioniseerimine","status":"publish","type":"page","link":"https:\/\/strongflow.fi\/et\/elektrodeioniseerimine","title":{"rendered":"Elektrodeioniseerimine"},"content":{"rendered":"[vc_row type=&#8221;full_width_background&#8221; full_screen_row_position=&#8221;middle&#8221; column_margin=&#8221;default&#8221; column_direction=&#8221;default&#8221; column_direction_tablet=&#8221;default&#8221; column_direction_phone=&#8221;default&#8221; bg_image=&#8221;253&#8243; bg_position=&#8221;center top&#8221; background_image_loading=&#8221;default&#8221; bg_repeat=&#8221;no-repeat&#8221; scene_position=&#8221;center&#8221; top_padding=&#8221;10%&#8221; bottom_padding=&#8221;10%&#8221; text_color=&#8221;dark&#8221; text_align=&#8221;left&#8221; row_border_radius=&#8221;none&#8221; row_border_radius_applies=&#8221;bg&#8221; overflow=&#8221;visible&#8221; enable_gradient=&#8221;true&#8221; color_overlay=&#8221;#000000&#8243; overlay_strength=&#8221;0.8&#8243; gradient_direction=&#8221;left_to_right&#8221; shape_divider_position=&#8221;bottom&#8221; bg_image_animation=&#8221;none&#8221; shape_type=&#8221;&#8221;][vc_column column_padding=&#8221;no-extra-padding&#8221; column_padding_tablet=&#8221;inherit&#8221; column_padding_phone=&#8221;inherit&#8221; column_padding_position=&#8221;all&#8221; column_element_spacing=&#8221;default&#8221; background_color_opacity=&#8221;1&#8243; background_hover_color_opacity=&#8221;1&#8243; column_shadow=&#8221;none&#8221; column_border_radius=&#8221;none&#8221; column_link_target=&#8221;_self&#8221; column_position=&#8221;default&#8221; gradient_direction=&#8221;left_to_right&#8221; overlay_strength=&#8221;0.3&#8243; width=&#8221;1\/1&#8243; tablet_width_inherit=&#8221;default&#8221; tablet_text_alignment=&#8221;default&#8221; phone_text_alignment=&#8221;default&#8221; animation_type=&#8221;default&#8221; bg_image_animation=&#8221;none&#8221; border_type=&#8221;simple&#8221; column_border_width=&#8221;none&#8221; column_border_style=&#8221;solid&#8221;][vc_custom_heading text=&#8221;Elektrodeioniseerimine&#8221; font_container=&#8221;tag:h1|text_align:left|color:%23ffffff&#8221; use_theme_fonts=&#8221;yes&#8221;][\/vc_column][\/vc_row][vc_row type=&#8221;full_width_content&#8221; full_screen_row_position=&#8221;middle&#8221; column_margin=&#8221;default&#8221; equal_height=&#8221;yes&#8221; content_placement=&#8221;top&#8221; column_direction=&#8221;default&#8221; column_direction_tablet=&#8221;default&#8221; column_direction_phone=&#8221;default&#8221; scene_position=&#8221;center&#8221; bottom_padding=&#8221;0&#8243; text_color=&#8221;dark&#8221; text_align=&#8221;left&#8221; row_border_radius=&#8221;none&#8221; row_border_radius_applies=&#8221;bg&#8221; overflow=&#8221;visible&#8221; overlay_strength=&#8221;0.3&#8243; gradient_direction=&#8221;left_to_right&#8221; shape_divider_position=&#8221;bottom&#8221; bg_image_animation=&#8221;none&#8221; shape_type=&#8221;&#8221;][vc_column column_padding=&#8221;padding-10-percent&#8221; column_padding_tablet=&#8221;inherit&#8221; column_padding_phone=&#8221;inherit&#8221; column_padding_position=&#8221;all&#8221; column_element_spacing=&#8221;default&#8221; background_color_opacity=&#8221;1&#8243; background_hover_color_opacity=&#8221;1&#8243; column_shadow=&#8221;none&#8221; column_border_radius=&#8221;none&#8221; column_link_target=&#8221;_self&#8221; column_position=&#8221;default&#8221; gradient_direction=&#8221;left_to_right&#8221; overlay_strength=&#8221;0.3&#8243; width=&#8221;2\/3&#8243; tablet_width_inherit=&#8221;default&#8221; tablet_text_alignment=&#8221;default&#8221; phone_text_alignment=&#8221;default&#8221; animation_type=&#8221;default&#8221; bg_image_animation=&#8221;none&#8221; border_type=&#8221;simple&#8221; column_border_width=&#8221;none&#8221; column_border_style=&#8221;solid&#8221;][vc_column_text]Elektrodeioniseerimine (EDI) kasutab vees olevate soolade eemaldamiseks elektrivoolu, ioonselektiivset membraani ja segatud ioonvahetusvaiku. EDI-seadmeid kasutatakse tavaliselt viimase t\u00f6\u00f6tlusetapina p\u00e4rast p\u00f6\u00f6rdosmoosiga t\u00f6\u00f6tlemist, kui on vaja v\u00e4ga madala elektrijuhtivusega vett (alla 0,1 \u03bcS\/cm). Vee v\u00e4ga madal elektrijuhtivus on oluline nt turbiinelektrijaamades ja erinevates pooljuhtkomponentide tootmisprotsessides (nt p\u00e4ikesepaneelide tootmine).<\/p>\n<p><strong>Seadmed<\/strong><\/p>\n<p>Elektrodeioniseerimisseadmed koosnevad tegelikust EDI-elemendist, mille kaitsekorpuses paiknevad ioonselektiivsed membraanid ja segatud ioonivahetusvaik. Lisaks vajab EDI-seade alalisvoolu toiteallikat ning torustikku koos kontrollerite ja anduritega, mille abil reguleeritakse veevoolu l\u00e4bi seadme. EDI-seadmes jagatakse vesi tegelikuks tooteveeks (lahjendatud), kontsentraadiks ja elektrol\u00fc\u00fcdiks (j\u00e4\u00e4gid filtreeritud ainetega). Kontsentraadi ja elektrol\u00fc\u00fcdi saab vastavalt vajadusele talletada ja mujal protsessi k\u00e4igus taaskasutada. EDI-seadme saagis on tavaliselt 90\u201395 %.<\/p>\n<p><strong>M\u00f5\u00f5tmete m\u00e4\u00e4ramine<\/strong><\/p>\n<p>Veet\u00f6\u00f6tlusseadmete m\u00f5\u00f5tmete m\u00e4\u00e4ramise ja nende projekteerimise jaoks on vaja veeanal\u00fc\u00fcsi, teavet seadmete vajaliku v\u00f5imsuse\/j\u00f5udluse ning soovitud veekvaliteedi ja\/v\u00f5i seadmete kasutamise kohta. Kasulikuks teabeks on ka v\u00f5imaliku olemasoleva seadmeruumi suurus ja lisateave juurdep\u00e4\u00e4setava \u00e4ravoolus\u00fcsteemi kohta.[\/vc_column_text][vc_gallery type=&#8221;flickity_static_height_style&#8221; images=&#8221;1059,1062,2021&#8243; flickity_spacing=&#8221;default&#8221; flickity_controls=&#8221;pagination&#8221; flickity_overflow=&#8221;hidden&#8221; flickity_wrap_around=&#8221;wrap&#8221; flickity_autoplay=&#8221;true&#8221; flickity_box_shadow=&#8221;none&#8221; image_loading=&#8221;default&#8221; onclick=&#8221;link_image&#8221; img_size=&#8221;600&#215;400&#8243; flickity_autoplay_dur=&#8221;6000&#8243;][\/vc_column][vc_column column_padding=&#8221;padding-10-percent&#8221; column_padding_tablet=&#8221;inherit&#8221; column_padding_phone=&#8221;inherit&#8221; column_padding_position=&#8221;top-bottom&#8221; column_element_spacing=&#8221;default&#8221; background_color=&#8221;#f7f7f7&#8243; background_color_opacity=&#8221;1&#8243; background_hover_color_opacity=&#8221;1&#8243; column_shadow=&#8221;none&#8221; column_border_radius=&#8221;none&#8221; column_link_target=&#8221;_self&#8221; column_position=&#8221;default&#8221; gradient_direction=&#8221;left_to_right&#8221; overlay_strength=&#8221;0.3&#8243; width=&#8221;1\/3&#8243; tablet_width_inherit=&#8221;default&#8221; tablet_text_alignment=&#8221;default&#8221; phone_text_alignment=&#8221;default&#8221; animation_type=&#8221;default&#8221; bg_image_animation=&#8221;none&#8221; border_type=&#8221;simple&#8221; column_border_width=&#8221;none&#8221; column_border_style=&#8221;solid&#8221;][vc_row_inner column_margin=&#8221;default&#8221; column_direction=&#8221;default&#8221; column_direction_tablet=&#8221;default&#8221; column_direction_phone=&#8221;default&#8221; text_align=&#8221;left&#8221; row_position=&#8221;default&#8221; row_position_tablet=&#8221;inherit&#8221; row_position_phone=&#8221;inherit&#8221; overflow=&#8221;visible&#8221; pointer_events=&#8221;all&#8221;][vc_column_inner column_padding=&#8221;padding-10-percent&#8221; column_padding_tablet=&#8221;inherit&#8221; column_padding_phone=&#8221;inherit&#8221; column_padding_position=&#8221;left-right&#8221; column_element_spacing=&#8221;default&#8221; background_color_opacity=&#8221;1&#8243; background_hover_color_opacity=&#8221;1&#8243; column_shadow=&#8221;none&#8221; column_border_radius=&#8221;none&#8221; column_link_target=&#8221;_self&#8221; gradient_direction=&#8221;left_to_right&#8221; overlay_strength=&#8221;0.3&#8243; width=&#8221;1\/1&#8243; tablet_width_inherit=&#8221;default&#8221; animation_type=&#8221;default&#8221; bg_image_animation=&#8221;none&#8221; border_type=&#8221;simple&#8221; column_border_width=&#8221;none&#8221; column_border_style=&#8221;solid&#8221;][vc_custom_heading text=&#8221;Seotud s\u00fcsteemid&#8221; font_container=&#8221;tag:h4|text_align:left|color:%23000000&#8243; use_theme_fonts=&#8221;yes&#8221;][nectar_btn size=&#8221;large&#8221; button_style=&#8221;see-through&#8221; button_color_2=&#8221;Extra-Color-1&#8243; icon_family=&#8221;default_arrow&#8221; el_class=&#8221;fullbutton&#8221; url=&#8221;\/deionisoidun-di-ja-ultrapuhtaan-veden-tuotantojarjestelmat&#8221; text=&#8221;Deioniseeritud (DI) ja \u00fclipuhta vee tootmise s\u00fcsteemid&#8221; margin_top=&#8221;30&#8243; margin_right=&#8221;15&#8243; margin_bottom=&#8221;10&#8243;][\/vc_column_inner][\/vc_row_inner][\/vc_column][\/vc_row]\n","protected":false},"excerpt":{"rendered":"<p>[vc_row type=&#8221;full_width_background&#8221; full_screen_row_position=&#8221;middle&#8221; column_margin=&#8221;default&#8221; column_direction=&#8221;default&#8221; column_direction_tablet=&#8221;default&#8221; column_direction_phone=&#8221;default&#8221; bg_image=&#8221;253&#8243; bg_position=&#8221;center top&#8221; background_image_loading=&#8221;default&#8221; bg_repeat=&#8221;no-repeat&#8221; scene_position=&#8221;center&#8221; top_padding=&#8221;10%&#8221; bottom_padding=&#8221;10%&#8221; text_color=&#8221;dark&#8221; text_align=&#8221;left&#8221; row_border_radius=&#8221;none&#8221; row_border_radius_applies=&#8221;bg&#8221; overflow=&#8221;visible&#8221; enable_gradient=&#8221;true&#8221; color_overlay=&#8221;#000000&#8243; overlay_strength=&#8221;0.8&#8243; gradient_direction=&#8221;left_to_right&#8221; shape_divider_position=&#8221;bottom&#8221; bg_image_animation=&#8221;none&#8221; shape_type=&#8221;&#8221;][vc_column column_padding=&#8221;no-extra-padding&#8221; column_padding_tablet=&#8221;inherit&#8221; column_padding_phone=&#8221;inherit&#8221;&#8230;<\/p>\n","protected":false},"author":1,"featured_media":0,"parent":0,"menu_order":0,"comment_status":"closed","ping_status":"closed","template":"","meta":{"footnotes":""},"class_list":["post-1382","page","type-page","status-publish"],"yoast_head":"<!-- This site is optimized with the Yoast SEO plugin v27.2 - https:\/\/yoast.com\/product\/yoast-seo-wordpress\/ -->\n<title>Elektrodeioniseerimine - StrongFlow %<\/title>\n<meta name=\"description\" content=\"Teave elektrodioniseerimise (EDI), seadmete komplekteerimise ja projekteerimiskriteeriumide kohta.\" \/>\n<meta name=\"robots\" content=\"index, follow, max-snippet:-1, max-image-preview:large, max-video-preview:-1\" \/>\n<link rel=\"canonical\" href=\"https:\/\/strongflow.fi\/et\/elektrodeioniseerimine\" \/>\n<meta property=\"og:locale\" content=\"et_EE\" \/>\n<meta property=\"og:type\" content=\"article\" \/>\n<meta property=\"og:title\" content=\"Elektrodeioniseerimine - StrongFlow %\" \/>\n<meta property=\"og:description\" content=\"Teave elektrodioniseerimise (EDI), seadmete komplekteerimise ja projekteerimiskriteeriumide kohta.\" \/>\n<meta property=\"og:url\" content=\"https:\/\/strongflow.fi\/et\/elektrodeioniseerimine\" \/>\n<meta property=\"og:site_name\" content=\"StrongFlow\" \/>\n<meta property=\"article:modified_time\" content=\"2022-03-23T11:52:46+00:00\" \/>\n<meta name=\"twitter:card\" content=\"summary_large_image\" \/>\n<meta name=\"twitter:label1\" content=\"Est. reading time\" \/>\n\t<meta name=\"twitter:data1\" content=\"4 minutit\" \/>\n<script type=\"application\/ld+json\" class=\"yoast-schema-graph\">{\"@context\":\"https:\/\/schema.org\",\"@graph\":[{\"@type\":[\"WebPage\",\"AboutPage\"],\"@id\":\"https:\/\/strongflow.fi\/et\/elektrodeioniseerimine\",\"url\":\"https:\/\/strongflow.fi\/et\/elektrodeioniseerimine\",\"name\":\"Elektrodeioniseerimine - StrongFlow %\",\"isPartOf\":{\"@id\":\"https:\/\/strongflow.fi\/#website\"},\"datePublished\":\"2020-03-26T11:27:15+00:00\",\"dateModified\":\"2022-03-23T11:52:46+00:00\",\"description\":\"Teave elektrodioniseerimise (EDI), seadmete komplekteerimise ja projekteerimiskriteeriumide kohta.\",\"breadcrumb\":{\"@id\":\"https:\/\/strongflow.fi\/et\/elektrodeioniseerimine#breadcrumb\"},\"inLanguage\":\"et\",\"potentialAction\":[{\"@type\":\"ReadAction\",\"target\":[\"https:\/\/strongflow.fi\/et\/elektrodeioniseerimine\"]}]},{\"@type\":\"BreadcrumbList\",\"@id\":\"https:\/\/strongflow.fi\/et\/elektrodeioniseerimine#breadcrumb\",\"itemListElement\":[{\"@type\":\"ListItem\",\"position\":1,\"name\":\"Etusivu\",\"item\":\"https:\/\/strongflow.fi\/et\"},{\"@type\":\"ListItem\",\"position\":2,\"name\":\"Elektrodeioniseerimine\"}]},{\"@type\":\"WebSite\",\"@id\":\"https:\/\/strongflow.fi\/#website\",\"url\":\"https:\/\/strongflow.fi\/\",\"name\":\"StrongFlow\",\"description\":\"Vedenk&auml;sittelyj&auml;rjestelm&auml;t ja teollisuusautomaatio\",\"publisher\":{\"@id\":\"https:\/\/strongflow.fi\/#organization\"},\"potentialAction\":[{\"@type\":\"SearchAction\",\"target\":{\"@type\":\"EntryPoint\",\"urlTemplate\":\"https:\/\/strongflow.fi\/?s={search_term_string}\"},\"query-input\":{\"@type\":\"PropertyValueSpecification\",\"valueRequired\":true,\"valueName\":\"search_term_string\"}}],\"inLanguage\":\"et\"},{\"@type\":\"Organization\",\"@id\":\"https:\/\/strongflow.fi\/#organization\",\"name\":\"StrongFlow Oy\",\"url\":\"https:\/\/strongflow.fi\/\",\"logo\":{\"@type\":\"ImageObject\",\"inLanguage\":\"et\",\"@id\":\"https:\/\/strongflow.fi\/#\/schema\/logo\/image\/\",\"url\":\"https:\/\/i0.wp.com\/strongflow.fi\/wp-content\/uploads\/2020\/03\/StrongFlow_logo_1000.png?fit=1000%2C627&ssl=1\",\"contentUrl\":\"https:\/\/i0.wp.com\/strongflow.fi\/wp-content\/uploads\/2020\/03\/StrongFlow_logo_1000.png?fit=1000%2C627&ssl=1\",\"width\":1000,\"height\":627,\"caption\":\"StrongFlow Oy\"},\"image\":{\"@id\":\"https:\/\/strongflow.fi\/#\/schema\/logo\/image\/\"},\"sameAs\":[\"https:\/\/fi.linkedin.com\/company\/strongflow\"]}]}<\/script>\n<!-- \/ Yoast SEO plugin. -->","yoast_head_json":{"title":"Elektrodeioniseerimine - StrongFlow %","description":"Teave elektrodioniseerimise (EDI), seadmete komplekteerimise ja projekteerimiskriteeriumide kohta.","robots":{"index":"index","follow":"follow","max-snippet":"max-snippet:-1","max-image-preview":"max-image-preview:large","max-video-preview":"max-video-preview:-1"},"canonical":"https:\/\/strongflow.fi\/et\/elektrodeioniseerimine","og_locale":"et_EE","og_type":"article","og_title":"Elektrodeioniseerimine - StrongFlow %","og_description":"Teave elektrodioniseerimise (EDI), seadmete komplekteerimise ja projekteerimiskriteeriumide kohta.","og_url":"https:\/\/strongflow.fi\/et\/elektrodeioniseerimine","og_site_name":"StrongFlow","article_modified_time":"2022-03-23T11:52:46+00:00","twitter_card":"summary_large_image","twitter_misc":{"Est. reading time":"4 minutit"},"schema":{"@context":"https:\/\/schema.org","@graph":[{"@type":["WebPage","AboutPage"],"@id":"https:\/\/strongflow.fi\/et\/elektrodeioniseerimine","url":"https:\/\/strongflow.fi\/et\/elektrodeioniseerimine","name":"Elektrodeioniseerimine - StrongFlow %","isPartOf":{"@id":"https:\/\/strongflow.fi\/#website"},"datePublished":"2020-03-26T11:27:15+00:00","dateModified":"2022-03-23T11:52:46+00:00","description":"Teave elektrodioniseerimise (EDI), seadmete komplekteerimise ja projekteerimiskriteeriumide kohta.","breadcrumb":{"@id":"https:\/\/strongflow.fi\/et\/elektrodeioniseerimine#breadcrumb"},"inLanguage":"et","potentialAction":[{"@type":"ReadAction","target":["https:\/\/strongflow.fi\/et\/elektrodeioniseerimine"]}]},{"@type":"BreadcrumbList","@id":"https:\/\/strongflow.fi\/et\/elektrodeioniseerimine#breadcrumb","itemListElement":[{"@type":"ListItem","position":1,"name":"Etusivu","item":"https:\/\/strongflow.fi\/et"},{"@type":"ListItem","position":2,"name":"Elektrodeioniseerimine"}]},{"@type":"WebSite","@id":"https:\/\/strongflow.fi\/#website","url":"https:\/\/strongflow.fi\/","name":"StrongFlow","description":"Vedenk&auml;sittelyj&auml;rjestelm&auml;t ja teollisuusautomaatio","publisher":{"@id":"https:\/\/strongflow.fi\/#organization"},"potentialAction":[{"@type":"SearchAction","target":{"@type":"EntryPoint","urlTemplate":"https:\/\/strongflow.fi\/?s={search_term_string}"},"query-input":{"@type":"PropertyValueSpecification","valueRequired":true,"valueName":"search_term_string"}}],"inLanguage":"et"},{"@type":"Organization","@id":"https:\/\/strongflow.fi\/#organization","name":"StrongFlow Oy","url":"https:\/\/strongflow.fi\/","logo":{"@type":"ImageObject","inLanguage":"et","@id":"https:\/\/strongflow.fi\/#\/schema\/logo\/image\/","url":"https:\/\/i0.wp.com\/strongflow.fi\/wp-content\/uploads\/2020\/03\/StrongFlow_logo_1000.png?fit=1000%2C627&ssl=1","contentUrl":"https:\/\/i0.wp.com\/strongflow.fi\/wp-content\/uploads\/2020\/03\/StrongFlow_logo_1000.png?fit=1000%2C627&ssl=1","width":1000,"height":627,"caption":"StrongFlow Oy"},"image":{"@id":"https:\/\/strongflow.fi\/#\/schema\/logo\/image\/"},"sameAs":["https:\/\/fi.linkedin.com\/company\/strongflow"]}]}},"jetpack_sharing_enabled":true,"_links":{"self":[{"href":"https:\/\/strongflow.fi\/et\/wp-json\/wp\/v2\/pages\/1382","targetHints":{"allow":["GET"]}}],"collection":[{"href":"https:\/\/strongflow.fi\/et\/wp-json\/wp\/v2\/pages"}],"about":[{"href":"https:\/\/strongflow.fi\/et\/wp-json\/wp\/v2\/types\/page"}],"author":[{"embeddable":true,"href":"https:\/\/strongflow.fi\/et\/wp-json\/wp\/v2\/users\/1"}],"replies":[{"embeddable":true,"href":"https:\/\/strongflow.fi\/et\/wp-json\/wp\/v2\/comments?post=1382"}],"version-history":[{"count":5,"href":"https:\/\/strongflow.fi\/et\/wp-json\/wp\/v2\/pages\/1382\/revisions"}],"predecessor-version":[{"id":2030,"href":"https:\/\/strongflow.fi\/et\/wp-json\/wp\/v2\/pages\/1382\/revisions\/2030"}],"wp:attachment":[{"href":"https:\/\/strongflow.fi\/et\/wp-json\/wp\/v2\/media?parent=1382"}],"curies":[{"name":"wp","href":"https:\/\/api.w.org\/{rel}","templated":true}]}}